{"id":1093,"date":"2021-04-17T12:42:13","date_gmt":"2021-04-17T10:42:13","guid":{"rendered":"https:\/\/matichello.eyecommunication.it\/termini-e-condizioni\/"},"modified":"2022-11-22T17:45:15","modified_gmt":"2022-11-22T16:45:15","slug":"termes-et-conditions","status":"publish","type":"page","link":"https:\/\/maticplast.com\/fr\/termes-et-conditions\/","title":{"rendered":"Termes et conditions"},"content":{"rendered":"<div class=\"wpb-content-wrapper\"><p>[vc_row][vc_column][vc_column_text]<\/p>\n<h3>Termes et conditions<\/h3>\n<p>L&rsquo;acc\u00e8s au site <a href=\"https:\/\/maticplast.com\/\">www.maticplast.com<\/a> est soumis \u00e0 l&rsquo;acceptation des CONDITIONS G\u00c9N\u00c9RALES suivantes. L&rsquo;acc\u00e8s et l&rsquo;utilisation de ce site constituent une adh\u00e9sion implicite \u00e0 celles-ci.<\/p>\n<p>Matic Plast Milano se r\u00e9serve le droit de modifier \u00e0 tout moment les conditions d&rsquo;utilisation de ce site. Chaque utilisateur de ce site s&rsquo;engage \u00e0 les consulter r\u00e9guli\u00e8rement.<\/p>\n<h3><\/h3>\n<p>&nbsp;<\/p>\n<h3>Utilisation du site<\/h3>\n<p>Le site Matic Plast Milano est destin\u00e9 exclusivement \u00e0 un usage personnel et non commercial. Toute utilisation commerciale, reproduction et diffusion, m\u00eame partielle, par le biais de r\u00e9seaux informatiques ou de tout autre syst\u00e8me de communication, des documents de ce site (textes, fond, solutions graphiques), ainsi que la modification de tout ou partie de ce site est interdite.<\/p>\n<h3><\/h3>\n<p>&nbsp;<\/p>\n<h3>Propri\u00e9t\u00e9 intellectuelle<\/h3>\n<p>La conception, la configuration, les logos, les graphiques, les images et les sons ainsi que tous les \u00e9l\u00e9ments du site sont, conform\u00e9ment \u00e0 la loi et aux accords commerciaux, la propri\u00e9t\u00e9 de Matic Plast Milano et il est interdit de les copier ou de les imiter, m\u00eame pas partiellement<\/p>\n<p>Toute utilisation non autoris\u00e9e ou en tout cas contraire \u00e0 la loi sera poursuivie par Matic Plast Milano dans le cadre de proc\u00e9dures civiles et p\u00e9nales.<\/p>\n<p>Le nom Matic Plast Milano et les noms des produits commercialis\u00e9s par Matic Plast Milano constituent des marques d\u00e9pos\u00e9es et, \u00e0 ce titre, toute utilisation de ceux-ci, \u00e0 quelque fin que ce soit, contraire \u00e0 la loi est interdite.<\/p>\n<p>&nbsp;<\/p>\n<h3><\/h3>\n<h3>Erreurs typographiques et inexactitudes<\/h3>\n<p>Toutes les nouvelles contenues dans le site ne doivent pas \u00eatre consid\u00e9r\u00e9es ni utilis\u00e9es comme des documents officiels et\/ou des d\u00e9clarations de Matic Plast Milano mais comme de simples informations indicatives dont, par cons\u00e9quent, la soci\u00e9t\u00e9 ne garantit pas l&rsquo;exactitude et l&rsquo;exhaustivit\u00e9.<\/p>\n<p>Matic Plast Milano ne peut pas contr\u00f4ler tout le mat\u00e9riel fourni par les utilisateurs via l&rsquo;acc\u00e8s au site. Matic Plast Milano n&rsquo;est donc pas responsable du contenu de ce mat\u00e9riel et se r\u00e9serve le droit de supprimer du site tout mat\u00e9riel qu&rsquo;il consid\u00e8re obsc\u00e8ne, diffamatoire, offensant ou en tout cas inacceptable. Matic Plast Milano n&rsquo;assume aucune responsabilit\u00e9 pour les dommages de toute nature pouvant survenir \u00e0 des tiers \u00e0 la suite de l&rsquo;utilisation, m\u00eame autoris\u00e9e, du contenu du site, m\u00eame si Matic Plast Milano avait eu connaissance d&rsquo;\u00e9ventuelles inexactitudes ou avait pu intervenir pour les corriger. Matic Plast Milano ne garantit pas que le site soit exempt de virus ou d&rsquo;autres composants potentiellement dangereux pour les syst\u00e8mes informatiques.<\/p>\n<h3><\/h3>\n<p>&nbsp;<\/p>\n<h3>Sites li\u00e9s<\/h3>\n<p>Les sites li\u00e9s, autres que ceux faisant r\u00e9f\u00e9rence \u00e0 ses soci\u00e9t\u00e9s affili\u00e9es, ne sont pas contr\u00f4l\u00e9s par Matic Plast Milano qui, par cons\u00e9quent, n&rsquo;est en aucun cas responsable du contenu du site li\u00e9 ou de l&rsquo;adresse de liaison. Les sites li\u00e9s des soci\u00e9t\u00e9s affili\u00e9es \u00e0 Matic Plast Milano adoptent leurs propres pratiques ind\u00e9pendantes de traitement et de collecte des donn\u00e9es personnelles, auxquelles il est fait explicitement r\u00e9f\u00e9rence. Matic Plast Milano n&rsquo;assume aucune responsabilit\u00e9 pour le contenu de ces sites et pour les dispositions des politiques de confidentialit\u00e9 relatives.<\/p>\n<p>Matic Plast Milano n&rsquo;assume aucune responsabilit\u00e9 pour le contenu de ce site ou des sites qui lui sont connect\u00e9s qui pourraient \u00eatre inappropri\u00e9s pour une utilisation par des enfants.<\/p>\n<h3><\/h3>\n<p>&nbsp;<\/p>\n<h3>Annonces<\/h3>\n<p>Tout message publicitaire ou d\u00e9claration relative \u00e0 l&rsquo;efficacit\u00e9 des produits Matic Plast Milano est express\u00e9ment limit\u00e9 au march\u00e9 italien ou europ\u00e9en.<\/p>\n<h3><\/h3>\n<p>&nbsp;<\/p>\n<h3>Violation des termes et conditions<\/h3>\n<p>L&rsquo;utilisateur de ce site sera tenu directement responsable de tout dommage d\u00e9coulant de la violation des pr\u00e9sentes CONDITIONS G\u00c9N\u00c9RALES et s&rsquo;engage \u00e0 tenir Matic Plast Milano indemne de tout dommage, co\u00fbt et d\u00e9pense r\u00e9sultant du non-respect de celles-ci.<\/p>\n<h3><\/h3>\n<p>&nbsp;<\/p>\n<h3>Loi applicable<\/h3>\n<p>L&rsquo;utilisation du site Matic Plast Milano est r\u00e9gie par les dispositions de la loi italienne applicable.[\/vc_column_text][\/vc_column][\/vc_row][vc_row][vc_column][vc_empty_space height=\u00a0\u00bb64px\u00a0\u00bb][\/vc_column][\/vc_row]<\/p>\n<\/div>","protected":false},"excerpt":{"rendered":"<p>[vc_row][vc_column][vc_column_text] Termes et conditions L&rsquo;acc\u00e8s au site www.maticplast.com est soumis \u00e0 l&rsquo;acceptation des CONDITIONS G\u00c9N\u00c9RALES suivantes. L&rsquo;acc\u00e8s et l&rsquo;utilisation de ce site constituent une adh\u00e9sion implicite \u00e0 celles-ci. Matic Plast Milano se r\u00e9serve le droit de modifier \u00e0 tout moment les conditions d&rsquo;utilisation de ce&#8230;<\/p>\n","protected":false},"author":1,"featured_media":1232,"parent":0,"menu_order":0,"comment_status":"closed","ping_status":"closed","template":"","meta":{"footnotes":""},"class_list":["post-1093","page","type-page","status-publish","has-post-thumbnail","hentry"],"_links":{"self":[{"href":"https:\/\/maticplast.com\/fr\/wp-json\/wp\/v2\/pages\/1093","targetHints":{"allow":["GET"]}}],"collection":[{"href":"https:\/\/maticplast.com\/fr\/wp-json\/wp\/v2\/pages"}],"about":[{"href":"https:\/\/maticplast.com\/fr\/wp-json\/wp\/v2\/types\/page"}],"author":[{"embeddable":true,"href":"https:\/\/maticplast.com\/fr\/wp-json\/wp\/v2\/users\/1"}],"replies":[{"embeddable":true,"href":"https:\/\/maticplast.com\/fr\/wp-json\/wp\/v2\/comments?post=1093"}],"version-history":[{"count":0,"href":"https:\/\/maticplast.com\/fr\/wp-json\/wp\/v2\/pages\/1093\/revisions"}],"wp:featuredmedia":[{"embeddable":true,"href":"https:\/\/maticplast.com\/fr\/wp-json\/wp\/v2\/media\/1232"}],"wp:attachment":[{"href":"https:\/\/maticplast.com\/fr\/wp-json\/wp\/v2\/media?parent=1093"}],"curies":[{"name":"wp","href":"https:\/\/api.w.org\/{rel}","templated":true}]}}