{"id":1099,"date":"2021-04-17T12:37:06","date_gmt":"2021-04-17T10:37:06","guid":{"rendered":"https:\/\/matichello.eyecommunication.it\/cookie\/"},"modified":"2022-11-22T17:09:15","modified_gmt":"2022-11-22T16:09:15","slug":"cookie","status":"publish","type":"page","link":"https:\/\/maticplast.com\/fr\/cookie\/","title":{"rendered":"Cookie"},"content":{"rendered":"<div class=\"wpb-content-wrapper\"><p>[vc_row][vc_column][vc_column_text]<\/p>\n<h3>1. COOKIES<\/h3>\n<h4>Que sont les cookies\u00a0?<\/h4>\n<p>Les cookies sont des informations qu&rsquo;un serveur peut envoyer \u00e0 votre ordinateur, smartphone ou tablette lorsque vous visitez un site Internet ou un r\u00e9seau social. Le m\u00eame serveur qui les a transmis peut alors lire et enregistrer les cookies, pour obtenir diff\u00e9rents types d&rsquo;informations.<\/p>\n<h4>Quels sont-ils et \u00e0 quoi servent-ils ?<\/h4>\n<p>Les cookies peuvent \u00eatre :<\/p>\n<p><strong>Techniques<\/strong>: ils servent \u00e0 acc\u00e9l\u00e9rer la navigation et servent par exemple \u00e0 enregistrer le contenu d&rsquo;un panier dans une boutique en ligne, \u00e0 m\u00e9moriser le choix de la langue d&rsquo;un site ou \u00e0 simplifier les op\u00e9rations de paiement via la banque \u00e0 domicile ;<br \/>\n<strong>Profilage<\/strong>: ils sont utilis\u00e9s pour surveiller les utilisateurs lors de la navigation. Ils enregistrent des informations sur ce que vous achetez ou pourriez vouloir acheter, en analysant vos lectures et vos pr\u00e9f\u00e9rences. Ils proposent ainsi des informations permettant de personnaliser la publicit\u00e9 qui vous est adress\u00e9e en fonction de vos go\u00fbts, choix, pr\u00e9f\u00e9rences et modes de vie. Avez-vous d\u00e9j\u00e0 cherch\u00e9 sur Google des informations sur la destination de votre prochain voyage, pour trouver des offres promotionnelles sur Facebook pour cette m\u00eame destination\u00a0? Eh bien, c&rsquo;est un cookie de prolif\u00e9ration.<br \/>\n<strong>De tiers<\/strong>: il peut arriver qu&rsquo;une page web contienne des cookies d&rsquo;autres sites, qui sont contenus dans d&rsquo;autres \u00e9l\u00e9ments (comme le bouton de partage Facebook, ou une vid\u00e9o YouTube int\u00e9gr\u00e9e \u00e0 une page web). Ainsi, les cookies que vous t\u00e9l\u00e9chargez peuvent \u00eatre lus par d&rsquo;autres sujets et utilis\u00e9s pour le profilage.<\/p>\n<p>&nbsp;<\/p>\n<h4>Sur ce site, j&rsquo;utilise des cookies techniques et tiers, et aucun type de cookie de profilage.<\/h4>\n<h3><\/h3>\n<p>&nbsp;<\/p>\n<h3>2. SURVEILLANCE DES DONN\u00c9ES DE NAVIGATION SUR LE SITE<\/h3>\n<p>Nous souhaitons offrir &#8211; jour apr\u00e8s jour &#8211; un meilleur service, c&rsquo;est pourquoi ce site utilise Google Analytics pour comprendre combien de personnes naviguent sur le site, comment ils le font et quels sujets ils pr\u00e9f\u00e8rent lire.<\/p>\n<p>Google Analytics est un service gratuit propos\u00e9 par Google : sur ce site il est param\u00e9tr\u00e9 pour rendre votre adresse IP anonyme. Les donn\u00e9es collect\u00e9es sont stock\u00e9es sur les serveurs de Google, qui peut d\u00e9cider de les c\u00e9der \u00e0 des tiers : sachez que si cela se produit, tout cela se fera sous forme anonyme et agr\u00e9g\u00e9e. Pour plus d&rsquo;informations, vous pouvez directement lire la <a href=\"http:\/\/www.google.com\/intl\/it_ALL\/analytics\/learn\/privacy.html\">politique de confidentialit\u00e9 et l&rsquo;utilisation des donn\u00e9es de Google Analytics<\/a>.<\/p>\n<p>Si vous ne souhaitez pas appara\u00eetre parmi les visiteurs de ce site, vous pouvez vous rendre invisible en t\u00e9l\u00e9chargeant ce module compl\u00e9mentaire pour <a href=\"https:\/\/tools.google.com\/dlpage\/gaoptout?hl=it\">Google Analytics<\/a>.<\/p>\n<h3><\/h3>\n<p>&nbsp;<\/p>\n<h3>3. COMMENTAIRES SUR LES ARTICLES DE BLOG<\/h3>\n<p>A la fin de chaque post vous avez la possibilit\u00e9 de laisser un commentaire. Ce site g\u00e8re les commentaires via WordPress, propri\u00e9t\u00e9 de la soci\u00e9t\u00e9 <a href=\"http:\/\/automattic.com\/\">Automattic<\/a>. Si vous \u00eates int\u00e9ress\u00e9, vous pouvez lire<a href=\"http:\/\/automattic.com\/privacy\/\"> comment et quels cookies Automattic utilise<\/a>.<\/p>\n<h3><\/h3>\n<p>&nbsp;<\/p>\n<h3>4. R\u00c9SEAUX SOCIAUX<\/h3>\n<p>Ce site utilise des boutons \u00e0 la fin de chaque article qui vous permettent de partager ce que vous venez de lire sur les r\u00e9seaux sociaux. Ces boutons, \u00e0 l&rsquo;int\u00e9rieur, contiennent des cookies et pour cette raison ils sont appel\u00e9s cookies tiers. Nous ne savons pas comment des tiers utiliseront les informations que les boutons sociaux leur ont transmises. Ils pourraient utiliser ces informations pour le reciblage, c&rsquo;est pourquoi il peut arriver que vous voyiez une publicit\u00e9 sur Facebook pour un contenu que vous venez de rechercher ou de partager.<\/p>\n<p>Si vous souhaitez en savoir plus, voici les politiques de confidentialit\u00e9 des r\u00e9seaux sociaux respectifs\u00a0:<\/p>\n<p><a href=\"https:\/\/www.facebook.com\/about\/privacy\/\">Facebook<\/a><br \/>\n<a href=\"http:\/\/www.google.com\/policies\/privacy\/\">Google (et Youtube)<\/a><br \/>\n<a href=\"https:\/\/www.linkedin.com\/legal\/privacy-policy\">LinkedIn<\/a><br \/>\n<a href=\"https:\/\/twitter.com\/it\/privacy\">Twitter<\/a><\/p>\n<h3><\/h3>\n<p>&nbsp;<\/p>\n<h3>5. UTILISATION DES INFORMATIONS PERSONNELLES<\/h3>\n<p>Ce site dispose d&rsquo;un formulaire de contact. Si vous nous \u00e9crivez, nous utiliserons vos donn\u00e9es (adresse e-mail) pour vous r\u00e9pondre. Ces donn\u00e9es restent enregistr\u00e9es dans notre logiciel de gestion de messagerie et sur le serveur de notre site. Nous sommes les propri\u00e9taires de ces donn\u00e9es, que nous ne transf\u00e9rons ni ne vendons \u00e0 personne.<\/p>\n<h3><\/h3>\n<p>&nbsp;<\/p>\n<h3>6. BLOCAGE DES COOKIES<\/h3>\n<p>Si vous ne souhaitez pas que vos donn\u00e9es soient enregistr\u00e9es, vous pouvez choisir de bloquer les cookies de votre navigateur. Voici comment proc\u00e9der\u00a0:<\/p>\n<p><a href=\"https:\/\/support.google.com\/accounts\/answer\/61416?hl=it\">Chrome<\/a><br \/>\n<a href=\"https:\/\/support.apple.com\/it-it\/HT201265\">Safari<\/a><br \/>\n<a href=\"https:\/\/support.mozilla.org\/it\/kb\/Bloccare%20i%20cookie\">Firefox<\/a><br \/>\n<a href=\"http:\/\/windows.microsoft.com\/it-it\/windows-vista\/block-or-allow-cookies\">Internet Explorer<\/a>[\/vc_column_text][\/vc_column][\/vc_row][vc_row][vc_column][vc_empty_space height=\u00a0\u00bb64px\u00a0\u00bb][\/vc_column][\/vc_row]<\/p>\n<\/div>","protected":false},"excerpt":{"rendered":"<p>[vc_row][vc_column][vc_column_text] 1. COOKIES Que sont les cookies\u00a0? Les cookies sont des informations qu&rsquo;un serveur peut envoyer \u00e0 votre ordinateur, smartphone ou tablette lorsque vous visitez un site Internet ou un r\u00e9seau social. Le m\u00eame serveur qui les a transmis peut alors lire et enregistrer les&#8230;<\/p>\n","protected":false},"author":1,"featured_media":1232,"parent":0,"menu_order":0,"comment_status":"closed","ping_status":"closed","template":"","meta":{"footnotes":""},"class_list":["post-1099","page","type-page","status-publish","has-post-thumbnail","hentry"],"_links":{"self":[{"href":"https:\/\/maticplast.com\/fr\/wp-json\/wp\/v2\/pages\/1099","targetHints":{"allow":["GET"]}}],"collection":[{"href":"https:\/\/maticplast.com\/fr\/wp-json\/wp\/v2\/pages"}],"about":[{"href":"https:\/\/maticplast.com\/fr\/wp-json\/wp\/v2\/types\/page"}],"author":[{"embeddable":true,"href":"https:\/\/maticplast.com\/fr\/wp-json\/wp\/v2\/users\/1"}],"replies":[{"embeddable":true,"href":"https:\/\/maticplast.com\/fr\/wp-json\/wp\/v2\/comments?post=1099"}],"version-history":[{"count":0,"href":"https:\/\/maticplast.com\/fr\/wp-json\/wp\/v2\/pages\/1099\/revisions"}],"wp:featuredmedia":[{"embeddable":true,"href":"https:\/\/maticplast.com\/fr\/wp-json\/wp\/v2\/media\/1232"}],"wp:attachment":[{"href":"https:\/\/maticplast.com\/fr\/wp-json\/wp\/v2\/media?parent=1099"}],"curies":[{"name":"wp","href":"https:\/\/api.w.org\/{rel}","templated":true}]}}