{"id":1104,"date":"2021-04-17T12:50:37","date_gmt":"2021-04-17T10:50:37","guid":{"rendered":"https:\/\/matichello.eyecommunication.it\/privacy-policy\/"},"modified":"2023-01-11T16:20:36","modified_gmt":"2023-01-11T15:20:36","slug":"privacy-policy","status":"publish","type":"page","link":"https:\/\/maticplast.com\/fr\/privacy-policy\/","title":{"rendered":"Privacy Policy"},"content":{"rendered":"<div class=\"wpb-content-wrapper\"><p>[vc_row][vc_column][vc_column_text]<\/p>\n<h3>I &#8211; INFORMATIONS RELATIVES \u00c0 LA POLITIQUE DE CONFIDENTIALIT\u00c9 DU SITE<\/h3>\n<ol>\n<li>Cette section contient des informations relatives aux m\u00e9thodes de gestion de Matic Plast Milano en r\u00e9f\u00e9rence au traitement des donn\u00e9es des utilisateurs de Matic Plast Milano.<\/li>\n<li>Ces informations sont \u00e9galement valables aux fins de l&rsquo;art. 13 du d\u00e9cret l\u00e9gislatif no. 196\/2003, Code en mati\u00e8re de protection des donn\u00e9es personnelles, et aux fins de l&rsquo;article 13 du R\u00e8glement UE no. 2016\/679, relative \u00e0 la protection des personnes \u00e0 l&rsquo;\u00e9gard du traitement des donn\u00e9es \u00e0 caract\u00e8re personnel ainsi qu&rsquo;\u00e0 la libre circulation de ces donn\u00e9es, pour les sujets qui interagissent avec Matic Plast Milano et joignables \u00e0 l&rsquo;adresse correspondant \u00e0 la page d&rsquo;accueil : <a href=\"https:\/\/maticplast.com\">www.maticplast.com<\/a><\/li>\n<li>Les informations sont fournies uniquement pour Matic Plast Milano et non pour d&rsquo;autres sites Web qui peuvent \u00eatre consult\u00e9s par l&rsquo;utilisateur via les liens qu&rsquo;ils contiennent.<\/li>\n<li>Le but de ce document est de fournir des informations sur les m\u00e9thodes, le moment et la nature des informations que les responsables du traitement doivent fournir aux utilisateurs lors de la connexion aux pages Web de Matic Plast Milano, quel que soit le but de la connexion elle-m\u00eame, conform\u00e9ment \u00e0 la l\u00e9gislation italienne. et europ\u00e9enne.<\/li>\n<li>Les informations peuvent subir des modifications en raison de l&rsquo;introduction de nouvelles r\u00e9glementations \u00e0 cet \u00e9gard, l&rsquo;utilisateur est donc invit\u00e9 \u00e0 consulter p\u00e9riodiquement cette page.<\/li>\n<li>Si l&rsquo;utilisateur a moins de 16 ans, conform\u00e9ment \u00e0 l&rsquo;article 8, c.1 du r\u00e8glement UE 2016\/679, il devra l\u00e9gitimer son consentement par l&rsquo;autorisation de ses parents ou tuteurs.<\/li>\n<\/ol>\n<p>&nbsp;<\/p>\n<h3>II &#8211; TRAITEMENT DES DONN\u00c9ES<\/h3>\n<h3>1 &#8211; Propri\u00e9taire des Donn\u00e9es<\/h3>\n<p>Le responsable du traitement est la personne physique ou morale, l&rsquo;autorit\u00e9 publique, le service ou tout autre organisme qui, individuellement ou avec d&rsquo;autres, d\u00e9termine les finalit\u00e9s et les moyens du traitement des donn\u00e9es \u00e0 caract\u00e8re personnel. Il s&rsquo;occupe \u00e9galement des profils de s\u00e9curit\u00e9.<br \/>\nEn ce qui concerne ce site Web, le responsable du traitement des donn\u00e9es est : Matic Plast Milano, et pour toute clarification ou exercice des droits de l&rsquo;utilisateur, il peut le contacter \u00e0 l&rsquo;adresse e-mail suivante: <a href=\"mailto:info@maticplast.it\">info@maticplast.it<\/a><\/p>\n<h3>2 &#8211; Lieu de traitement des donn\u00e9es<\/h3>\n<ol>\n<li>Le traitement des donn\u00e9es g\u00e9n\u00e9r\u00e9es par l&rsquo;utilisation de Matic Plast Milano a lieu \u00e0 Via G. Garibaldi, 62, 20061, CARUGATE (MI)<\/li>\n<li>Si n\u00e9cessaire, les donn\u00e9es li\u00e9es au service de newsletter peuvent \u00eatre trait\u00e9es par le responsable du traitement ou les sujets d\u00e9sign\u00e9s par lui \u00e0 cet effet au bureau concern\u00e9.<\/li>\n<\/ol>\n<p>&nbsp;<\/p>\n<h3>III &#8211; COOKIES<\/h3>\n<h3>1 &#8211; Type de cookies<\/h3>\n<ol>\n<li>Le site Matic Plast Milano utilise des cookies pour rendre l&rsquo;exp\u00e9rience de navigation de l&rsquo;utilisateur plus facile et plus intuitive : les cookies sont de petites cha\u00eenes de texte utilis\u00e9es pour m\u00e9moriser certaines informations pouvant concerner l&rsquo;utilisateur, ses pr\u00e9f\u00e9rences ou le dispositif d&rsquo;acc\u00e8s \u00e0 Internet (ordinateur, tablette ou t\u00e9l\u00e9phone mobile) et servent principalement \u00e0 adapter le fonctionnement du site aux attentes de l&rsquo;utilisateur, en offrant une exp\u00e9rience de navigation plus personnalis\u00e9e et en m\u00e9morisant les choix pr\u00e9c\u00e9demment effectu\u00e9s.<\/li>\n<li>Un cookie consiste en un petit ensemble de donn\u00e9es transf\u00e9r\u00e9es au navigateur de l&rsquo;utilisateur \u00e0 partir d&rsquo;un serveur Web et ne peut \u00eatre lu que par le serveur qui a effectu\u00e9 le transfert. Ce n&rsquo;est pas un code ex\u00e9cutable et ne transmet pas de virus.<\/li>\n<li>Les cookies n&rsquo;enregistrent aucune information personnelle et aucune donn\u00e9e identifiable ne sera stock\u00e9e. Si vous le souhaitez, vous pouvez emp\u00eacher l&rsquo;enregistrement de tout ou partie des cookies. Toutefois, dans ce cas, l&rsquo;utilisation du site et des services propos\u00e9s pourrait \u00eatre compromise. Pour continuer sans modifier les options relatives aux cookies, il vous suffit de poursuivre votre navigation.Vous trouverez ci-dessous les types de cookies que le site utilise.<\/li>\n<\/ol>\n<h3>2 &#8211; Cookies techniques<\/h3>\n<ol>\n<li>Il existe de nombreuses technologies utilis\u00e9es pour stocker des informations sur l&rsquo;ordinateur de l&rsquo;utilisateur, qui sont ensuite collect\u00e9es par les sites. Parmi ceux-ci, le plus connu et le plus utilis\u00e9 est celui des cookies HTML. Ils sont utilis\u00e9s pour la navigation et pour faciliter l&rsquo;acc\u00e8s et l&rsquo;utilisation du site par l&rsquo;utilisateur. Ils sont n\u00e9cessaires pour la transmission des communications sur le r\u00e9seau \u00e9lectronique ou pour que le fournisseur fournisse le service demand\u00e9 par le client.<\/li>\n<li>Les param\u00e8tres de gestion ou de d\u00e9sactivation des cookies peuvent varier selon le navigateur Internet utilis\u00e9. Dans tous les cas, l&rsquo;utilisateur peut g\u00e9rer ou demander la d\u00e9sactivation ou l&rsquo;annulation g\u00e9n\u00e9rale des cookies en modifiant les param\u00e8tres de son navigateur Internet. Cette d\u00e9sactivation peut ralentir ou emp\u00eacher l&rsquo;acc\u00e8s \u00e0 certaines parties du site.<\/li>\n<li>L&rsquo;utilisation de cookies techniques permet une utilisation s\u00fbre et efficace du site.<\/li>\n<li>Les cookies qui sont ins\u00e9r\u00e9s dans le navigateur et retransmis via Google Analytics ou via le service de statistiques des blogueurs ou similaires ne sont techniques que s&rsquo;ils sont utilis\u00e9s \u00e0 des fins d&rsquo;optimisation du site directement par le propri\u00e9taire du site, qui pourra collecter des informations sous forme agr\u00e9g\u00e9e sur le nombre des utilisateurs et comment ils visitent le site. Dans ces conditions, les m\u00eames r\u00e8gles s&rsquo;appliquent pour les cookies analytiques, en termes d&rsquo;information et de consentement, que pour les cookies techniques.<\/li>\n<li>Du point de vue de la dur\u00e9e, on distingue les cookies de session temporaires qui sont automatiquement supprim\u00e9s \u00e0 la fin de la session de navigation et servent \u00e0 identifier l&rsquo;utilisateur et donc \u00e0 \u00e9viter de se connecter \u00e0 chaque page visit\u00e9e et \u00e0 celles permanentes qui restent actives dans le PC jusqu&rsquo;\u00e0 leur expiration ou leur annulation par vous.<\/li>\n<li>Des cookies de session peuvent \u00eatre install\u00e9s afin de permettre l&rsquo;acc\u00e8s et la permanence dans la zone r\u00e9serv\u00e9e du portail en tant qu&rsquo;utilisateur authentifi\u00e9.<\/li>\n<li>Ils ne sont pas stock\u00e9s de mani\u00e8re permanente mais exclusivement pour la dur\u00e9e de la navigation jusqu&rsquo;\u00e0 la fermeture du navigateur et disparaissent \u00e0 la fermeture de celui-ci. Leur utilisation est strictement limit\u00e9e \u00e0 la transmission d&rsquo;identifiants de session constitu\u00e9s de nombres al\u00e9atoires g\u00e9n\u00e9r\u00e9s par le serveur n\u00e9cessaires pour permettre une exploration s\u00fbre et efficace du site.<\/li>\n<\/ol>\n<h3>3 &#8211; Cookies tiers<\/h3>\n<ol>\n<li>En ce qui concerne l&rsquo;origine, les cookies envoy\u00e9s au navigateur directement depuis le site que vous visitez peuvent \u00eatre distingu\u00e9s de ceux de tiers envoy\u00e9s \u00e0 votre ordinateur depuis d&rsquo;autres sites et non de celui que vous visitez.<\/li>\n<li>Les cookies permanents sont souvent des cookies tiers.<\/li>\n<li>La plupart des cookies tiers consistent en des cookies de suivi utilis\u00e9s pour identifier le comportement en ligne, comprendre les centres d&rsquo;int\u00e9r\u00eat et donc personnaliser les offres publicitaires des utilisateurs.<\/li>\n<li>Des cookies analytiques tiers peuvent \u00eatre install\u00e9s. Ils sont envoy\u00e9s \u00e0 partir de domaines des tiers susmentionn\u00e9s externes au site<\/li>\n<li>Les cookies analytiques tiers sont utilis\u00e9s pour d\u00e9tecter des informations sur le comportement des utilisateurs sur Matic Plast Milano. L&rsquo;enqu\u00eate se d\u00e9roule de mani\u00e8re anonyme, afin de surveiller les performances et d&rsquo;am\u00e9liorer la convivialit\u00e9 du site. Les cookies de profilage tiers sont utilis\u00e9s pour cr\u00e9er des profils d&rsquo;utilisateurs, afin de proposer des messages publicitaires en ad\u00e9quation avec les choix exprim\u00e9s par les utilisateurs eux-m\u00eames.<\/li>\n<li>L&rsquo;utilisation de ces cookies est r\u00e9gie par les r\u00e8gles \u00e9tablies par les tiers eux-m\u00eames, par cons\u00e9quent, les utilisateurs sont invit\u00e9s \u00e0 lire les informations de confidentialit\u00e9 et les indications de gestion ou de d\u00e9sactivation des cookies publi\u00e9es sur les pages Web correspondantes.<\/li>\n<\/ol>\n<h4>4 &#8211; Cookies de profilage<\/h4>\n<ol>\n<li>Les cookies de profilage cr\u00e9ent des profils d&rsquo;utilisateurs et sont utilis\u00e9s pour envoyer des messages publicitaires en ligne avec les pr\u00e9f\u00e9rences exprim\u00e9es par l&rsquo;utilisateur lors de la navigation sur le net.<\/li>\n<li>Lorsque ces types de cookies sont utilis\u00e9s, l&rsquo;utilisateur doit donner son consentement explicite.<\/li>\n<li>L&rsquo;article 22 du R\u00e8glement UE 2016\/679 et l&rsquo;article 122 du Code de protection des donn\u00e9es s&rsquo;appliqueront.<\/li>\n<\/ol>\n<p>&nbsp;<\/p>\n<h3>IV &#8211; DONN\u00c9ES TRAIT\u00c9ES<\/h3>\n<h3>1 &#8211; Mode de traitement des donn\u00e9es<\/h3>\n<ol>\n<li>Comme tous les sites Internet, ce site utilise \u00e9galement des fichiers journaux dans lesquels sont conserv\u00e9es des informations collect\u00e9es de mani\u00e8re automatis\u00e9e lors des visites des utilisateurs. Les informations recueillies pourraient \u00eatre les suivantes :<br \/>\n&#8211; adresse de protocole Internet (IP)\u00a0;<br \/>\n&#8211; type de navigateur et param\u00e8tres de l&rsquo;appareil utilis\u00e9 pour se connecter au site ;<br \/>\n&#8211; nom du fournisseur d&rsquo;acc\u00e8s Internet (FAI)\u00a0;<br \/>\n&#8211; date et heure de la visite ;<br \/>\n&#8211; page web d&rsquo;origine du visiteur (r\u00e9f\u00e9rence) et sortie ;<br \/>\n&#8211; \u00e9ventuellement le nombre de clics.<\/li>\n<li>Les informations susmentionn\u00e9es sont trait\u00e9es sous une forme automatis\u00e9e et collect\u00e9es sous une forme exclusivement agr\u00e9g\u00e9e afin de v\u00e9rifier le bon fonctionnement du site, et pour des raisons de s\u00e9curit\u00e9. Ces informations seront trait\u00e9es sur la base des int\u00e9r\u00eats l\u00e9gitimes du propri\u00e9taire.<\/li>\n<li>Pour des raisons de s\u00e9curit\u00e9 (filtres anti-spam, pare-feu, d\u00e9tection de virus), les donn\u00e9es enregistr\u00e9es automatiquement peuvent \u00e9ventuellement \u00e9galement inclure des donn\u00e9es personnelles telles que l&rsquo;adresse IP, qui pourraient \u00eatre utilis\u00e9es, conform\u00e9ment aux lois applicables, afin de bloquer les tentatives d&rsquo;endommager le site lui-m\u00eame. ou de causer des dommages aux autres utilisateurs, ou en tout cas des activit\u00e9s nuisibles ou des activit\u00e9s constituant un crime. Ces donn\u00e9es ne sont jamais utilis\u00e9es pour l&rsquo;identification ou le profilage de l&rsquo;utilisateur, mais uniquement dans le but de prot\u00e9ger le site et ses utilisateurs, ces informations seront trait\u00e9es sur la base des int\u00e9r\u00eats l\u00e9gitimes du propri\u00e9taire.<\/li>\n<li>Si le site permet l&rsquo;insertion de commentaires, ou dans le cas de services sp\u00e9cifiques demand\u00e9s par l&rsquo;utilisateur, y compris la possibilit\u00e9 d&rsquo;envoyer le Curriculum Vitae pour une \u00e9ventuelle relation de travail, le site d\u00e9tecte et enregistre automatiquement certaines donn\u00e9es d&rsquo;identification de l&rsquo;utilisateur, y compris le adresse e-mail. Ces donn\u00e9es sont destin\u00e9es \u00e0 \u00eatre fournies volontairement par l&rsquo;utilisateur au moment de la demande de prestation de service. En ins\u00e9rant un commentaire ou d&rsquo;autres informations, l&rsquo;utilisateur accepte express\u00e9ment les informations de confidentialit\u00e9, et en particulier accepte que les contenus ins\u00e9r\u00e9s soient \u00e9galement librement divulgu\u00e9s \u00e0 des tiers. Les donn\u00e9es re\u00e7ues seront utilis\u00e9es exclusivement pour la fourniture du service demand\u00e9 et uniquement pendant le temps n\u00e9cessaire \u00e0 la fourniture du service.<\/li>\n<li>Les informations que les utilisateurs du site seront susceptibles de rendre publiques par le biais des services et outils mis \u00e0 leur disposition, sont fournies par l&rsquo;utilisateur en toute connaissance de cause et volontairement, exon\u00e9rant ce site de toute responsabilit\u00e9 quant \u00e0 d&rsquo;\u00e9ventuelles violations de la loi. Il appartient \u00e0 l&rsquo;utilisateur de v\u00e9rifier qu&rsquo;il est autoris\u00e9 \u00e0 saisir des donn\u00e9es personnelles de tiers ou des contenus prot\u00e9g\u00e9s par les normes nationales et internationales.<\/li>\n<\/ol>\n<h3>2 &#8211; Finalit\u00e9 du traitement des donn\u00e9es<\/h3>\n<ol>\n<li>Les donn\u00e9es collect\u00e9es par le site lors de son fonctionnement sont utilis\u00e9es aux fins indiqu\u00e9es ci-dessus et aux fins suivantes :<br \/>\ndemande de donn\u00e9es \u00e0 des fins de marketing et\/ou de publicit\u00e9 par l&rsquo;envoi d&rsquo;une newsletter.<\/li>\n<li>La conservation des donn\u00e9es sera effectu\u00e9e pendant la p\u00e9riode strictement n\u00e9cessaire pour atteindre l&rsquo;objectif susmentionn\u00e9 et en tout \u00e9tat de cause n&rsquo;exc\u00e9dant pas 2 ans.<\/li>\n<li>Les donn\u00e9es utilis\u00e9es \u00e0 des fins de s\u00e9curit\u00e9 (tentatives de blocage visant \u00e0 endommager le site) sont conserv\u00e9es pendant le temps strictement n\u00e9cessaire \u00e0 la r\u00e9alisation de la finalit\u00e9 pr\u00e9c\u00e9demment indiqu\u00e9e.<\/li>\n<\/ol>\n<h3>3 &#8211; Donn\u00e9es fournies par l&rsquo;utilisateur<\/h3>\n<ol>\n<li>Comme indiqu\u00e9 ci-dessus, l&rsquo;envoi facultatif, explicite et volontaire d&rsquo;e-mails aux adresses indiqu\u00e9es sur ce site implique l&rsquo;acquisition ult\u00e9rieure de l&rsquo;adresse de l&rsquo;exp\u00e9diteur, n\u00e9cessaire pour r\u00e9pondre aux demandes, ainsi que de toute autre donn\u00e9e personnelle incluse dans le message.<\/li>\n<li>Des informations sp\u00e9cifiques de synth\u00e8se seront progressivement rapport\u00e9es ou affich\u00e9es sur les pages du site am\u00e9nag\u00e9es pour des services particuliers sur simple demande.<\/li>\n<\/ol>\n<h3>4 &#8211; Assistance \u00e0 la configuration de votre navigateur<\/h3>\n<ol>\n<li>L&rsquo;utilisateur peut \u00e9galement g\u00e9rer les cookies via les param\u00e8tres de son navigateur. Cependant, la suppression des cookies de votre navigateur pourrait supprimer les pr\u00e9f\u00e9rences que vous avez d\u00e9finies pour le site.<\/li>\n<li>Pour plus d&rsquo;informations et d&rsquo;assistance, vous pouvez \u00e9galement consulter la page d&rsquo;aide sp\u00e9cifique du navigateur Web que vous utilisez\u00a0:<br \/>\n<a href=\"http:\/\/windows.microsoft.com\/en-us\/windows-vista\/block-or-allow-cookies\">Internet Explorer<\/a><br \/>\n<a href=\"https:\/\/support.mozilla.org\/en-us\/kb\/enable-and-disable-cookies-website-preferences\">Firefox<\/a><br \/>\n<a href=\"http:\/\/www.apple.com\/legal\/privacy\/it\/\">Safari<\/a><br \/>\n<a href=\"https:\/\/support.google.com\/accounts\/answer\/61416?hl=it\">Chrome<\/a><br \/>\n<a href=\"http:\/\/www.opera.com\/help\/tutorials\/security\/cookies\/\">Opera<\/a><\/li>\n<\/ol>\n<h3>5 &#8211; Plugins de r\u00e9seaux sociaux<\/h3>\n<ol>\n<li>Ce site int\u00e8gre \u00e9galement des plugins et\/ou des boutons de r\u00e9seaux sociaux, afin de permettre un partage ais\u00e9 de contenus sur vos r\u00e9seaux sociaux favoris. Ces plugins sont programm\u00e9s pour ne pas installer de cookies lors de l&rsquo;acc\u00e8s \u00e0 la page, afin de prot\u00e9ger la confidentialit\u00e9 des utilisateurs. Finalement, les cookies ne sont install\u00e9s, s&rsquo;ils sont fournis par les r\u00e9seaux sociaux, que lorsque l&rsquo;utilisateur fait une utilisation effective et volontaire du plugin. Gardez \u00e0 l&rsquo;esprit que si l&rsquo;utilisateur navigue en \u00e9tant connect\u00e9 au r\u00e9seau social, il a d\u00e9j\u00e0 consenti \u00e0 l&rsquo;utilisation de cookies transmis via ce site lors de son inscription au r\u00e9seau social.<\/li>\n<li>La collecte et l&rsquo;utilisation des informations obtenues via le plugin sont r\u00e9gies par les politiques de confidentialit\u00e9 respectives des r\u00e9seaux sociaux, auxquelles veuillez vous r\u00e9f\u00e9rer :<br \/>\n<a href=\"http:\/\/www.opera.com\/help\/tutorials\/security\/cookies\/\">Facebook<\/a><br \/>\n<a href=\"https:\/\/support.twitter.com\/articles\/20170519-uso-dei-cookie-e-di-altre-tecnologie-simili-da-parte-di-twitter\">Twitter<\/a><br \/>\n<a href=\"https:\/\/about.pinterest.com\/it\/privacy-policy\">Pinterest<\/a><br \/>\n<a href=\"http:\/\/www.addthis.com\/privacy\/privacy-policy\">AddThis<\/a><br \/>\n<a href=\"https:\/\/www.linkedin.com\/legal\/cookie-policy\">LinkedIn<\/a><\/li>\n<\/ol>\n<p>&nbsp;<\/p>\n<h3>V. VOS DROITS<\/h3>\n<ol>\n<li>1. L&rsquo;art. 13, ch. 2 du r\u00e8glement UE 2016\/679 \u00e9num\u00e8re les droits de l&rsquo;utilisateur.<\/li>\n<li>Le site Matic Plast Milano entend donc informer l&rsquo;utilisateur de l&rsquo;existence :<br \/>\n\u2013 le droit de l&rsquo;int\u00e9ress\u00e9 de demander au propri\u00e9taire l&rsquo;acc\u00e8s aux donn\u00e9es personnelles (art. 15 R\u00e8glement UE), leur mise \u00e0 jour (art. 7, co. 3, lettre a) D\u00e9cret l\u00e9gislatif 196\/2003), la rectification (art. 16 R\u00e8glement UE), int\u00e9gration (art. 7, co. 3, lettre a) D\u00e9cret l\u00e9gislatif 196\/2003) ou limitation du traitement qui le concernent (art. 18 R\u00e8glement UE) ou s&rsquo;opposer, pour des motifs l\u00e9gitimes, \u00e0 leur traitement (art. 21 R\u00e8glement UE), en plus du droit \u00e0 la portabilit\u00e9 des donn\u00e9es (art. 20 R\u00e8glement UE) ;<br \/>\n&#8211; le droit de demander l&rsquo;annulation (art. 17 R\u00e8glement UE), la transformation en forme anonyme ou le blocage des donn\u00e9es trait\u00e9es en violation de la loi, y compris les donn\u00e9es dont la conservation n&rsquo;est pas n\u00e9cessaire au regard des finalit\u00e9s pour lesquelles les donn\u00e9es sont collect\u00e9es ou ult\u00e9rieurement trait\u00e9es (article 7, paragraphe 3, lettre b) du d\u00e9cret l\u00e9gislatif 196\/2003)\u00a0;<br \/>\n\u2013 le droit d&rsquo;obtenir l&rsquo;attestation que les op\u00e9rations de mise \u00e0 jour, de rectification, d&rsquo;int\u00e9gration de donn\u00e9es, d&rsquo;annulation, de blocage de donn\u00e9es, de transformation ont \u00e9t\u00e9 port\u00e9es \u00e0 la connaissance, \u00e9galement en ce qui concerne leur contenu, de ceux \u00e0 qui les donn\u00e9es ont \u00e9t\u00e9 communiqu\u00e9es ou diffus\u00e9es, sauf dans le cas o\u00f9 cette r\u00e9alisation s&rsquo;av\u00e8re impossible ou implique l&rsquo;utilisation de moyens manifestement disproportionn\u00e9s au droit prot\u00e9g\u00e9 (article 7, paragraphe 3, lettre c) du d\u00e9cret l\u00e9gislatif 196\/2003);<\/li>\n<li>Les demandes peuvent \u00eatre adress\u00e9es au responsable du traitement, sans formalit\u00e9s ou, alternativement, en utilisant le mod\u00e8le fourni par le Garant pour la protection des donn\u00e9es personnelles, ou en envoyant un e-mail \u00e0 l&rsquo;adresse : <a href=\"mailto:info@maticplast.it\">info@maticplast.it<\/a><\/li>\n<li>Si le traitement est bas\u00e9 sur l&rsquo;art. 6, alin\u00e9a 1, let. a) \u2013 consentement expr\u00e8s \u00e0 l&rsquo;utilisation \u2013 ou sur l&rsquo;art. 9, al. 2, let. a) \u2013 consentement expr\u00e8s \u00e0 l&rsquo;utilisation de donn\u00e9es g\u00e9n\u00e9tiques, biom\u00e9triques, relatives \u00e0 la sant\u00e9 r\u00e9v\u00e9lant des convictions religieuses ou philosophiques ou l&rsquo;appartenance syndicale, r\u00e9v\u00e9lant l&rsquo;origine raciale ou ethnique, les opinions politiques \u2013 l&rsquo;utilisateur a le droit de r\u00e9voquer le consentement \u00e0 tout moment sans pr\u00e9judice de la lic\u00e9it\u00e9 du traitement sur la base du consentement donn\u00e9 avant la r\u00e9vocation.<\/li>\n<li>De m\u00eame, en cas de violation de la loi, l&rsquo;utilisateur a le droit de d\u00e9poser une plainte aupr\u00e8s du Garant de la protection des donn\u00e9es personnelles, en tant qu&rsquo;autorit\u00e9 responsable du contr\u00f4le du traitement des donn\u00e9es dans l&rsquo;\u00c9tat italien.<\/li>\n<li>Pour un examen plus approfondi de vos droits, consultez les articles 15 et suiv. du R\u00e8glement UE 2016\/679 et art. 7 du d\u00e9cret l\u00e9gislatif 196\/2003.<\/li>\n<\/ol>\n<p>&nbsp;<\/p>\n<h3>VI &#8211; TRANSFERT DE DONN\u00c9ES VERS DES PAYS HORS UE<\/h3>\n<ol>\n<li>Ce site peut partager certaines des donn\u00e9es collect\u00e9es avec des services situ\u00e9s en dehors de l&rsquo;espace de l&rsquo;Union europ\u00e9enne. Notamment avec Google, Facebook et Microsoft (LinkedIn) via les plugins sociaux et le service Google Analytics. Le transfert est autoris\u00e9 et strictement r\u00e9glement\u00e9 par l&rsquo;article 45, paragraphe 1 du r\u00e8glement UE 2016\/679, pour lequel aucun autre consentement n&rsquo;est requis. Les entreprises cit\u00e9es ci-dessus garantissent leur adh\u00e9sion au Privacy Shield.<\/li>\n<li>Les donn\u00e9es ne seront jamais transf\u00e9r\u00e9es vers des pays tiers ne respectant pas les conditions \u00e9nonc\u00e9es \u00e0 l&rsquo;article 45 et suivants du R\u00e8glement UE.<\/li>\n<\/ol>\n<p>&nbsp;<\/p>\n<h3>VII. S\u00c9CURIT\u00c9 DES DONN\u00c9ES FOURNIES<\/h3>\n<ol>\n<li>Ce site traite les donn\u00e9es des utilisateurs de mani\u00e8re licite et correcte, en adoptant les mesures de s\u00e9curit\u00e9 appropri\u00e9es visant \u00e0 emp\u00eacher l&rsquo;acc\u00e8s non autoris\u00e9, la divulgation, la modification ou la destruction non autoris\u00e9e des donn\u00e9es. Le traitement est effectu\u00e9 \u00e0 l&rsquo;aide d&rsquo;outils informatiques et\/ou t\u00e9l\u00e9matiques, avec des m\u00e9thodes d&rsquo;organisation et une logique strictement li\u00e9es aux finalit\u00e9s indiqu\u00e9es.<\/li>\n<li>Outre le propri\u00e9taire, dans certains cas, des cat\u00e9gories de personnes responsables impliqu\u00e9es dans l&rsquo;organisation du site (administrateurs, commerciaux, marketing, juridiques, administrateurs syst\u00e8me) ou des sujets externes (tels que des prestataires techniques tiers, des courriers postaux, des h\u00e9bergeurs fournisseurs, soci\u00e9t\u00e9s informatiques, agences de communication).<\/li>\n<\/ol>\n<p>&nbsp;<\/p>\n<h3>VIII. MODIFICATIONS APPORT\u00c9ES \u00c0 CE DOCUMENT<\/h3>\n<ol>\n<li>Ce document, publi\u00e9 \u00e0 l&rsquo;adresse :<br \/>\n<a href=\"https:\/\/maticplast.com\/privacy-policy\/\u200e\">www.maticplast.com\/privacy-policy\/<\/a> constitue la politique de confidentialit\u00e9 de ce site<\/li>\n<li>Il peut faire l&rsquo;objet de modifications ou de mises \u00e0 jour. En cas de modifications et de mises \u00e0 jour importantes, celles-ci seront signal\u00e9es avec des notifications sp\u00e9cifiques aux utilisateurs.<\/li>\n<li>Les versions pr\u00e9c\u00e9dentes du document seront toujours disponibles sur cette page<\/li>\n<li>Le document a \u00e9t\u00e9 mis \u00e0 jour le 23\/03\/2019 pour se conformer aux dispositions r\u00e9glementaires applicables, et notamment en conformit\u00e9 avec le R\u00e8glement UE 2016\/679.<\/li>\n<\/ol>\n<p>[\/vc_column_text][\/vc_column][\/vc_row][vc_row][vc_column][vc_empty_space height=\u00a0\u00bb64px\u00a0\u00bb][\/vc_column][\/vc_row]<\/p>\n<\/div>","protected":false},"excerpt":{"rendered":"<p>[vc_row][vc_column][vc_column_text] I &#8211; INFORMATIONS RELATIVES \u00c0 LA POLITIQUE DE CONFIDENTIALIT\u00c9 DU SITE Cette section contient des informations relatives aux m\u00e9thodes de gestion de Matic Plast Milano en r\u00e9f\u00e9rence au traitement des donn\u00e9es des utilisateurs de Matic Plast Milano. Ces informations sont \u00e9galement valables aux fins&#8230;<\/p>\n","protected":false},"author":1,"featured_media":1232,"parent":0,"menu_order":0,"comment_status":"closed","ping_status":"closed","template":"","meta":{"footnotes":""},"class_list":["post-1104","page","type-page","status-publish","has-post-thumbnail","hentry"],"_links":{"self":[{"href":"https:\/\/maticplast.com\/fr\/wp-json\/wp\/v2\/pages\/1104","targetHints":{"allow":["GET"]}}],"collection":[{"href":"https:\/\/maticplast.com\/fr\/wp-json\/wp\/v2\/pages"}],"about":[{"href":"https:\/\/maticplast.com\/fr\/wp-json\/wp\/v2\/types\/page"}],"author":[{"embeddable":true,"href":"https:\/\/maticplast.com\/fr\/wp-json\/wp\/v2\/users\/1"}],"replies":[{"embeddable":true,"href":"https:\/\/maticplast.com\/fr\/wp-json\/wp\/v2\/comments?post=1104"}],"version-history":[{"count":0,"href":"https:\/\/maticplast.com\/fr\/wp-json\/wp\/v2\/pages\/1104\/revisions"}],"wp:featuredmedia":[{"embeddable":true,"href":"https:\/\/maticplast.com\/fr\/wp-json\/wp\/v2\/media\/1232"}],"wp:attachment":[{"href":"https:\/\/maticplast.com\/fr\/wp-json\/wp\/v2\/media?parent=1104"}],"curies":[{"name":"wp","href":"https:\/\/api.w.org\/{rel}","templated":true}]}}