{"id":1363,"date":"2022-11-24T16:56:40","date_gmt":"2022-11-24T15:56:40","guid":{"rendered":"https:\/\/matichello.eyecommunication.it\/?page_id=1363"},"modified":"2025-10-23T12:29:31","modified_gmt":"2025-10-23T10:29:31","slug":"avis-de-confidentialite-des-donnees-pour-les-fournisseurs","status":"publish","type":"page","link":"https:\/\/maticplast.com\/fr\/avis-de-confidentialite-des-donnees-pour-les-fournisseurs\/","title":{"rendered":"Avis de confidentialit\u00e9 des donn\u00e9es pour les fournisseurs"},"content":{"rendered":"<p style=\"text-align: center;\"><strong>Politique de Confidentialit\u00e9 Fournisseurs<\/strong><br \/>\n<strong>Politique conform\u00e9ment \u00e0 l&rsquo;article 13 du r\u00e8glement UE 2016\/679<\/strong><br \/>\n<strong>(R\u00e8glement europ\u00e9en relatif \u00e0 la protection des donn\u00e9es \u00e0 caract\u00e8re personnel)<\/strong><\/p>\n<p>&nbsp;<\/p>\n<p>Cher fournisseur, MATIC PLAST MILANO S.r.l., dont le si\u00e8ge social est situ\u00e9 via Giuseppe Garibaldi, 62, 20061, Carugate (MI), code fiscal et num\u00e9ro de TVA 06964710963, en tant que Responsable du traitement<br \/>\nde vos donn\u00e9es personnelles, conform\u00e9ment \u00e0 l&rsquo;article 13 du r\u00e8glement UE 2016\/679 (\u201cR\u00e8glement europ\u00e9en sur la protection des donn\u00e9es personnelles\u201d, ci-apr\u00e8s \u201cRGPD\u201d), vous informe que vos donn\u00e9es seront<br \/>\ntrait\u00e9es conform\u00e9ment aux dispositions de la r\u00e9glementation susmentionn\u00e9e et aux obligations de confidentialit\u00e9 qui y sont pr\u00e9vues. Plus pr\u00e9cis\u00e9ment, le traitement des donn\u00e9es sera bas\u00e9 sur les principes d&rsquo;\u00e9quit\u00e9, de l\u00e9galit\u00e9, de transparence et de protection de la confidentialit\u00e9, selon les modalit\u00e9s et aux fins indiqu\u00e9es ci-dessous.<\/p>\n<p>&nbsp;<\/p>\n<h4><span style=\"text-decoration: underline;\"><strong>1. D\u00e9finitions<\/strong><\/span><\/h4>\n<p>Aux fins de la pr\u00e9sente note d&rsquo;information, on entend par:<\/p>\n<ul>\n<li>Donn\u00e9es personnelles (ci-apr\u00e8s \u00e9galement d\u00e9nomm\u00e9es \u201cDonn\u00e9es\u201d): toute information concernant le fournisseur en tant que personne physique identifi\u00e9e ou identifiable, directement ou indirectement, par un nom, un num\u00e9ro d&rsquo;identification, un ou plusieurs \u00e9l\u00e9ments caract\u00e9ristiques de son identit\u00e9 physique, \u00e9conomique, sociale, etc.;<\/li>\n<li>Traitement: toute op\u00e9ration, effectu\u00e9e avec ou sans l&rsquo;aide de processus automatis\u00e9s, appliqu\u00e9e aux Donn\u00e9es, telle que la collecte, l&rsquo;enregistrement, l&rsquo;extraction, la consultation, la communication par<br \/>\ntransmission, la suppression, etc.;<\/li>\n<li>Responsable du traitement (ci-apr\u00e8s \u00e9galement d\u00e9nomm\u00e9 \u201cResponsable\u201d): la personne morale qui d\u00e9termine les finalit\u00e9s et les moyens du traitement des donn\u00e9es (dans le cas pr\u00e9sent, MATIC PLAST MILANO S.r.l. est le Responsable du traitement de vos Donn\u00e9es);<\/li>\n<li>Int\u00e9r\u00eat l\u00e9gitime: l&rsquo;int\u00e9r\u00eat du Responsable ou d&rsquo;un tiers qui justifie le traitement des Donn\u00e9es du fournisseur, \u00e0 condition que les int\u00e9r\u00eats ou les droits ou libert\u00e9s fondamentaux du fournisseur ne pr\u00e9valent pas et compte tenu des attentes raisonnables du fournisseur sur la base de sa relation avec le Responsable.<\/li>\n<\/ul>\n<p>&nbsp;<\/p>\n<h4><span style=\"text-decoration: underline;\"><strong>2. Identit\u00e9 et coordonn\u00e9es du Responsable du traitement<\/strong><\/span><\/h4>\n<p>Le Responsable du traitement des Donn\u00e9es est la soci\u00e9t\u00e9<strong> MATIC PLAST MILANO S.r.l., dont le si\u00e8ge social est situ\u00e9 Via Giuseppe Garibaldi, 62, 20061, Carugate (MI)<\/strong>, num\u00e9ro de TVA\/code fiscal 06964710963, en la personne de son repr\u00e9sentant l\u00e9gal pro tempore.<\/p>\n<p>&nbsp;<\/p>\n<h4><span style=\"text-decoration: underline;\"><strong>3. Donn\u00e9es faisant l&rsquo;objet du traitement<\/strong><\/span><\/h4>\n<p>Le Responsable traite les Donn\u00e9es que vous avez communiqu\u00e9es\/acquises pour\/lors de:<\/p>\n<ul>\n<li>la d\u00e9finition contractuelle des accords de fourniture;<\/li>\n<li>la signature du devis\/contrat d&rsquo;achat;<\/li>\n<li>la r\u00e9alisation de la s\u00e9lection des fournisseurs.<\/li>\n<\/ul>\n<p>&nbsp;<\/p>\n<h4><span style=\"text-decoration: underline;\"><strong>4. Finalit\u00e9 du traitement<\/strong><\/span><\/h4>\n<p>Le traitement des donn\u00e9es que vous avez fournies aura uniquement pour finalit\u00e9:<\/p>\n<ul>\n<li>l&rsquo;ex\u00e9cution des obligations d\u00e9coulant d&rsquo;un contrat auquel vous \u00eates partie ou pour r\u00e9pondre, avant et apr\u00e8s l&rsquo;ex\u00e9cution du contrat, \u00e0 vos demandes sp\u00e9cifiques;<\/li>\n<li>gestion des fournisseurs (administration des fournisseurs, administration des contrats, commandes actives, factures, s\u00e9lections en fonction des besoins de l&rsquo;entreprise);<\/li>\n<li>gestion des litiges (manquements contractuels, mises en demeure, transactions, recouvrement de cr\u00e9ances, arbitrages, litiges judiciaires);<\/li>\n<li>respect des obligations l\u00e9gales de nature administrative, comptable, civile et fiscale d\u00e9coulant de la l\u00e9gislation nationale, europ\u00e9enne et supranationale.<\/li>\n<\/ul>\n<p>&nbsp;<\/p>\n<h4><span style=\"text-decoration: underline;\"><strong>5. Base juridique du traitement et cons\u00e9quences du d\u00e9faut de communication des Donn\u00e9es<\/strong><\/span><\/h4>\n<p>\u00c0 l&rsquo;exception du respect des obligations l\u00e9gales, qui constitue une base juridique \u00e0 part enti\u00e8re, la base juridique du traitement de vos donn\u00e9es est constitu\u00e9e par l&rsquo;int\u00e9r\u00eat l\u00e9gitime du responsable du traitement \u00e0 traiter ces donn\u00e9es aux fins indiqu\u00e9es au paragraphe pr\u00e9c\u00e9dent, compte tenu du fait que, sur la base d&rsquo;une \u00e9valuation minutieuse effectu\u00e9e par le Responsable du traitement, ce traitement, aux fins et selon les modalit\u00e9s avec lesquelles il est effectu\u00e9, n&rsquo;est pas susceptible de porter atteinte \u00e0 vos int\u00e9r\u00eats, vos droits ou vos libert\u00e9s fondamentales; il s&rsquo;agit en outre d&rsquo;un traitement auquel vous pouvez raisonnablement vous attendre compte tenu de l&rsquo;objet et des finalit\u00e9s de la relation contractuelle. Les Donn\u00e9es que vous fournissez<br \/>\nseront trait\u00e9es uniquement \u00e0 des fins strictement li\u00e9es \u00e0 l&rsquo;exercice des activit\u00e9s inh\u00e9rentes \u00e0 la relation commerciale \u00e9tablie entre les parties, dans le respect des finalit\u00e9s express\u00e9ment pr\u00e9vues par le RGPD. Le d\u00e9faut de communication des donn\u00e9es aux fins indiqu\u00e9es au paragraphe pr\u00e9c\u00e9dent emp\u00eache la conclusion du contrat ainsi que l&rsquo;ex\u00e9cution des obligations li\u00e9es \u00e0 la fourniture<\/p>\n<p>Conform\u00e9ment \u00e0 l&rsquo;article 13 du RGPD, si le Responsable du traitement a l&rsquo;intention de traiter ult\u00e9rieurement<br \/>\nles Donn\u00e9es \u00e0 des fins autres que celles indiqu\u00e9es et pour lesquelles elles ont \u00e9t\u00e9 collect\u00e9es, il fournira \u00e0 la personne concern\u00e9e, avant ce traitement ult\u00e9rieur, des informations sur ces autres finalit\u00e9s.<br \/>\nEn outre, si vous fournissez des donn\u00e9es appartenant \u00e0 des tiers, vous devez vous assurer que ces personnes ont \u00e9t\u00e9 d\u00fbment inform\u00e9es du traitement de leurs donn\u00e9es conform\u00e9ment \u00e0 la pr\u00e9sente politique<br \/>\net, si n\u00e9cessaire, qu&rsquo;elles ont consenti au traitement de leurs Donn\u00e9es.<\/p>\n<p>&nbsp;<\/p>\n<h4><span style=\"text-decoration: underline;\"><strong>6. Modalit\u00e9s de traitement et conservation des Donn\u00e9es<\/strong><\/span><\/h4>\n<p>En ce qui concerne les finalit\u00e9s indiqu\u00e9es, le traitement des Donn\u00e9es sera effectu\u00e9 conform\u00e9ment aux dispositions du RGPD et du d\u00e9cret l\u00e9gislatif 196\/2003 et ses modifications et int\u00e9grations ult\u00e9rieures. En particulier, les op\u00e9rations de traitement sont mises en \u0153uvre de mani\u00e8re correcte, licite et transparente, en garantissant la s\u00e9curit\u00e9 logique, physique et la confidentialit\u00e9 des donn\u00e9es gr\u00e2ce \u00e0 des mesures de s\u00e9curit\u00e9 \u00e9lectroniques et proc\u00e9durales. Les donn\u00e9es feront l&rsquo;objet d&rsquo;un traitement informatique et papier.<br \/>\nLes donn\u00e9es ne feront pas l&rsquo;objet de processus d\u00e9cisionnels automatis\u00e9s.<br \/>\nLe Responsable du traitement conservera vos donn\u00e9es, conform\u00e9ment \u00e0 la r\u00e9glementation en vigueur, pendant la dur\u00e9e strictement n\u00e9cessaire au regard des finalit\u00e9s sp\u00e9cifiques pour lesquelles les donn\u00e9es ont \u00e9t\u00e9 collect\u00e9es, dans le respect des principes de limitation de la conservation et de minimisation d\u00e9finis \u00e0 l&rsquo;article 5 du RGPD, et en tout \u00e9tat de cause pendant une dur\u00e9e maximale de 10 ans \u00e0 compter de la fin de la relation, sauf obligations l\u00e9gales contraires. Lorsque les raisons susmentionn\u00e9es justifiant le traitement cesseront d&rsquo;exister, les donn\u00e9es seront anonymis\u00e9es, effac\u00e9es ou d\u00e9truites.<\/p>\n<p>&nbsp;<\/p>\n<h4><span style=\"text-decoration: underline;\"><strong>7. Champ d&rsquo;application de la communication et de la diffusion des Donn\u00e9es<\/strong><\/span><\/h4>\n<p>Le traitement sera effectu\u00e9 par notre personnel express\u00e9ment charg\u00e9 de cette t\u00e2che dans le cadre de ses fonctions.<br \/>\nVos Donn\u00e9es peuvent \u00e9galement \u00eatre communiqu\u00e9es \u00e0:<\/p>\n<ul>\n<li>des personnes externes au Responsable qui effectuent le traitement pour le compte du Responsable (par exemple, comptables, transitaires, transporteurs) et qui ont \u00e9t\u00e9 d\u00e9sign\u00e9es pour effectuer des<br \/>\nactivit\u00e9s de traitement sp\u00e9cifiques (par exemple, traitement des donn\u00e9es, formalit\u00e9s douani\u00e8res);<br \/>\n\u2022 des personnes dont le droit d&rsquo;acc\u00e8s \u00e0 ces donn\u00e9es est reconnu par des dispositions l\u00e9gales ou r\u00e9glementaires;<br \/>\n\u2022 toute autre personne physique et\/ou morale, publique et\/ou priv\u00e9e, lorsque la communication est n\u00e9cessaire ou fonctionnelle \u00e0 l&rsquo;exercice de notre activit\u00e9 et selon les modalit\u00e9s et aux fins d\u00e9crites<br \/>\nci-dessus. Vos Donn\u00e9es ne seront pas diffus\u00e9es.<\/li>\n<\/ul>\n<p>&nbsp;<\/p>\n<h4><span style=\"text-decoration: underline;\"><strong>8. Transfert des Donn\u00e9es \u00e0 l&rsquo;\u00e9tranger<\/strong><\/span><\/h4>\n<p>Les Donn\u00e9es peuvent \u00eatre transf\u00e9r\u00e9es vers des pays situ\u00e9s en dehors de l&rsquo;UE uniquement dans les cas o\u00f9 cela est n\u00e9cessaire aux fins d\u00e9clar\u00e9es et\/ou pour le respect des obligations l\u00e9gales. Dans ces circonstances, le transfert s&rsquo;effectuera dans le respect des dispositions pr\u00e9vues par le R\u00e8glement UE 2016\/679. Dans ce cas, vous en serez d\u00fbment inform\u00e9 et vous aurez le droit d&rsquo;obtenir une copie des garanties adopt\u00e9es pour le transfert des donn\u00e9es, ainsi que des informations sur le lieu o\u00f9 elles ont \u00e9t\u00e9 mises \u00e0 disposition, en contactant le responsable du traitement.<\/p>\n<p>&nbsp;<\/p>\n<h4><strong>9. Droits de la personne concern\u00e9e<\/strong><\/h4>\n<p>Vous pouvez exercer \u00e0 tout moment vos droits conform\u00e9ment aux articles suivants du RGPD:<\/p>\n<ul>\n<li><strong>15 (droit d&rsquo;acc\u00e8s)<\/strong><\/li>\n<li><strong>16 (droit de rectification)<\/strong><\/li>\n<li><strong>17 (droit \u00e0 l&rsquo;effacement &#8211; droit \u00e0 l&rsquo;oubli)<\/strong><\/li>\n<li><strong>18 (droit \u00e0 la limitation du traitement)<\/strong><\/li>\n<li><strong>20 (droit \u00e0 la portabilit\u00e9 des donn\u00e9es)<\/strong><\/li>\n<li><strong>21 (droit d&rsquo;opposition)<\/strong><\/li>\n<li><strong>22 (prise de d\u00e9cision automatis\u00e9e concernant les personnes physiques, y compris le <\/strong><strong>profilage)<\/strong><\/li>\n<\/ul>\n<p>&nbsp;<\/p>\n<h4><span style=\"text-decoration: underline;\"><strong>10. Modalit\u00e9s d&rsquo;exercice des droits<\/strong><\/span><\/h4>\n<p>Vous pouvez exercer les droits indiqu\u00e9s au paragraphe pr\u00e9c\u00e9dent en envoyant une communication par:<\/p>\n<ul>\n<li>Lettre recommand\u00e9e avec accus\u00e9 de r\u00e9ception \u00e0 MATIC PLAST MILANO S.r.l, Via Giuseppe Garibaldi, 62, 20061, Carugate (MI);<\/li>\n<li>E-mail \u00e0 l&rsquo;adresse e-mail certifi\u00e9e <a href=\"mailto:maticplastmilano@legalmail.it\">maticplastmilano@legalmail.it<\/a>.<\/li>\n<\/ul>\n<p>&nbsp;<\/p>\n<h4><span style=\"text-decoration: underline;\"><strong>11. Droit d&rsquo;introduire une r\u00e9clamation aupr\u00e8s d&rsquo;une autorit\u00e9 de contr\u00f4le<\/strong><\/span><\/h4>\n<p>Vous avez \u00e9galement le droit d&rsquo;introduire une r\u00e9clamation aupr\u00e8s du Garant pour la protection des donn\u00e9es<br \/>\npersonnelles si vous estimez que le traitement qui vous concerne enfreint le RGPD. Vous trouverez de plus<br \/>\namples informations sur le site <a href=\"http:\/\/www.garanteprivacy.it\">www.garanteprivacy.it<\/a><\/p>\n<p>&nbsp;<\/p>\n","protected":false},"excerpt":{"rendered":"<p>Politique de Confidentialit\u00e9 Fournisseurs Politique conform\u00e9ment \u00e0 l&rsquo;article 13 du r\u00e8glement UE 2016\/679 (R\u00e8glement europ\u00e9en relatif \u00e0 la protection des donn\u00e9es \u00e0 caract\u00e8re personnel) &nbsp; Cher fournisseur, MATIC PLAST MILANO S.r.l., dont le si\u00e8ge social est situ\u00e9 via Giuseppe Garibaldi, 62, 20061, Carugate (MI), code&#8230;<\/p>\n","protected":false},"author":1,"featured_media":0,"parent":0,"menu_order":0,"comment_status":"closed","ping_status":"closed","template":"","meta":{"footnotes":""},"class_list":["post-1363","page","type-page","status-publish","hentry"],"_links":{"self":[{"href":"https:\/\/maticplast.com\/fr\/wp-json\/wp\/v2\/pages\/1363","targetHints":{"allow":["GET"]}}],"collection":[{"href":"https:\/\/maticplast.com\/fr\/wp-json\/wp\/v2\/pages"}],"about":[{"href":"https:\/\/maticplast.com\/fr\/wp-json\/wp\/v2\/types\/page"}],"author":[{"embeddable":true,"href":"https:\/\/maticplast.com\/fr\/wp-json\/wp\/v2\/users\/1"}],"replies":[{"embeddable":true,"href":"https:\/\/maticplast.com\/fr\/wp-json\/wp\/v2\/comments?post=1363"}],"version-history":[{"count":18,"href":"https:\/\/maticplast.com\/fr\/wp-json\/wp\/v2\/pages\/1363\/revisions"}],"predecessor-version":[{"id":1713,"href":"https:\/\/maticplast.com\/fr\/wp-json\/wp\/v2\/pages\/1363\/revisions\/1713"}],"wp:attachment":[{"href":"https:\/\/maticplast.com\/fr\/wp-json\/wp\/v2\/media?parent=1363"}],"curies":[{"name":"wp","href":"https:\/\/api.w.org\/{rel}","templated":true}]}}