{"id":1752,"date":"2026-04-02T16:09:48","date_gmt":"2026-04-02T14:09:48","guid":{"rendered":"https:\/\/maticplast.com\/denonciation\/"},"modified":"2026-04-02T17:25:02","modified_gmt":"2026-04-02T15:25:02","slug":"denonciation","status":"publish","type":"page","link":"https:\/\/maticplast.com\/fr\/denonciation\/","title":{"rendered":"Whistleblowing"},"content":{"rendered":"<div class=\"wpb-content-wrapper\"><p>[vc_row row_type=\u00a0\u00bbrow\u00a0\u00bb use_row_as_full_screen_section=\u00a0\u00bbno\u00a0\u00bb type=\u00a0\u00bbfull_width\u00a0\u00bb text_align=\u00a0\u00bbleft\u00a0\u00bb background_animation=\u00a0\u00bbnone\u00a0\u00bb css_animation=\u00a0\u00bb\u00a0\u00bb][vc_column][vc_column_text css=\u00a0\u00bb\u00a0\u00bb]Matic Plast Milano s&rsquo;engage \u00e0 exercer ses activit\u00e9s de mani\u00e8re \u00e9thique et dans le respect des dispositions l\u00e9gales et r\u00e9glementaires applicables. \u00c0 cette fin, elle encourage tous ses employ\u00e9s, collaborateurs, partenaires commerciaux et consultants \u00e0 signaler tout comportement illicite (dit Whistleblowing) et\/ou contraire aux principes express\u00e9ment \u00e9nonc\u00e9s dans le Code d&rsquo;\u00e9thique adopt\u00e9 par la Soci\u00e9t\u00e9, dans le Mod\u00e8le d&rsquo;organisation, de gestion et de contr\u00f4le conform\u00e9ment au d\u00e9cret l\u00e9gislatif 231\/2001, ainsi que tout comportement contraire aux lois et r\u00e8glements.<\/p>\n<p>Le signalement de tout acte illicite permet \u00e0 la Soci\u00e9t\u00e9 non seulement d&rsquo;att\u00e9nuer les risques, mais aussi de mettre en \u0153uvre rapidement les mesures correctives jug\u00e9es n\u00e9cessaires.<\/p>\n<p><strong>Que signaler via le Whistleblowing?<\/strong><\/p>\n<p>Doivent faire l&rsquo;objet d&rsquo;un signalement toutes les informations, m\u00eame simplement suspectes, relatives \u00e0 des activit\u00e9s criminelles (qu&rsquo;il s&rsquo;agisse de crimes ou de d\u00e9lits), \u00e0 des irr\u00e9gularit\u00e9s comptables, \u00e0 des violations du droit de la concurrence, \u00e0 la corruption, \u00e0 la discrimination et au harc\u00e8lement, \u00e0 des violations des droits de l&rsquo;homme et des libert\u00e9s fondamentales, \u00e0 des violations des normes environnementales et du syst\u00e8me de qualit\u00e9 de l&rsquo;entreprise, fraudes et menaces pesant sur le patrimoine de l&rsquo;entreprise, probl\u00e8mes en mati\u00e8re de sant\u00e9 et de s\u00e9curit\u00e9, trafic d&rsquo;influence, fraudes fiscales, violations du Mod\u00e8le 231, comportements, actes ou omissions portant atteinte \u00e0 l&rsquo;int\u00e9r\u00eat public ou \u00e0 l&rsquo;int\u00e9grit\u00e9 de Matic Plast Milano, violation des normes ou des r\u00e9glementations nationales, de la l\u00e9gislation de l&rsquo;Union europ\u00e9enne, et bien plus encore.<\/p>\n<p><strong>Protection des auteurs de signalements<\/strong><\/p>\n<p>Matic Plast Milano garantit qu&rsquo;aucune forme de repr\u00e9sailles, de harc\u00e8lement ou de discrimination (directe ou indirecte), m\u00eame simplement tent\u00e9e ou menac\u00e9e, et pour des motifs li\u00e9s &#8211; directement ou indirectement &#8211; au signalement, n&rsquo;est autoris\u00e9e ni tol\u00e9r\u00e9e \u00e0 l&rsquo;encontre de l&rsquo;auteur du signalement.<\/p>\n<p><strong>Comment effectuer un signalement?<\/strong><\/p>\n<p>Scannez le code QR :<\/p>\n<p><img loading=\"lazy\" decoding=\"async\" class=\"size-full wp-image-1746 aligncenter\" src=\"https:\/\/maticplast.com\/wp-content\/uploads\/2026\/04\/qr_code_whisterblowing.png\" alt=\"qr code whisterblowing\" width=\"188\" height=\"188\" srcset=\"https:\/\/maticplast.com\/wp-content\/uploads\/2026\/04\/qr_code_whisterblowing.png 188w, https:\/\/maticplast.com\/wp-content\/uploads\/2026\/04\/qr_code_whisterblowing-150x150.png 150w\" sizes=\"auto, (max-width: 188px) 100vw, 188px\" \/><\/p>\n<p><a class=\"green-link\" href=\"https:\/\/maticplast.com\/wp-content\/uploads\/2026\/04\/Politique-de-confidentialite-et-de-denonciation-mars-2026-.pdf\" target=\"_blank\" rel=\"noopener\">Politique de confidentialit\u00e9 relative au signalement d&rsquo;irr\u00e9gularit\u00e9s<\/a><\/p>\n<p>&nbsp;<\/p>\n<p>[\/vc_column_text][\/vc_column][\/vc_row]<\/p>\n<\/div>","protected":false},"excerpt":{"rendered":"<p>[vc_row row_type=\u00a0\u00bbrow\u00a0\u00bb use_row_as_full_screen_section=\u00a0\u00bbno\u00a0\u00bb type=\u00a0\u00bbfull_width\u00a0\u00bb text_align=\u00a0\u00bbleft\u00a0\u00bb background_animation=\u00a0\u00bbnone\u00a0\u00bb css_animation=\u00a0\u00bb\u00a0\u00bb][vc_column][vc_column_text css=\u00a0\u00bb\u00a0\u00bb]Matic Plast Milano s&rsquo;engage \u00e0 exercer ses activit\u00e9s de mani\u00e8re \u00e9thique et dans le respect des dispositions l\u00e9gales et r\u00e9glementaires applicables. \u00c0 cette fin, elle encourage tous ses employ\u00e9s, collaborateurs, partenaires commerciaux et consultants \u00e0 signaler tout comportement&#8230;<\/p>\n","protected":false},"author":1,"featured_media":0,"parent":0,"menu_order":0,"comment_status":"closed","ping_status":"closed","template":"","meta":{"footnotes":""},"class_list":["post-1752","page","type-page","status-publish","hentry"],"_links":{"self":[{"href":"https:\/\/maticplast.com\/fr\/wp-json\/wp\/v2\/pages\/1752","targetHints":{"allow":["GET"]}}],"collection":[{"href":"https:\/\/maticplast.com\/fr\/wp-json\/wp\/v2\/pages"}],"about":[{"href":"https:\/\/maticplast.com\/fr\/wp-json\/wp\/v2\/types\/page"}],"author":[{"embeddable":true,"href":"https:\/\/maticplast.com\/fr\/wp-json\/wp\/v2\/users\/1"}],"replies":[{"embeddable":true,"href":"https:\/\/maticplast.com\/fr\/wp-json\/wp\/v2\/comments?post=1752"}],"version-history":[{"count":7,"href":"https:\/\/maticplast.com\/fr\/wp-json\/wp\/v2\/pages\/1752\/revisions"}],"predecessor-version":[{"id":1774,"href":"https:\/\/maticplast.com\/fr\/wp-json\/wp\/v2\/pages\/1752\/revisions\/1774"}],"wp:attachment":[{"href":"https:\/\/maticplast.com\/fr\/wp-json\/wp\/v2\/media?parent=1752"}],"curies":[{"name":"wp","href":"https:\/\/api.w.org\/{rel}","templated":true}]}}