{"id":989,"date":"2022-10-25T01:58:54","date_gmt":"2022-10-24T23:58:54","guid":{"rendered":"https:\/\/matichello.eyecommunication.it\/chi-siamo\/"},"modified":"2022-11-17T16:20:57","modified_gmt":"2022-11-17T15:20:57","slug":"a-propos-de-nous","status":"publish","type":"page","link":"https:\/\/maticplast.com\/fr\/a-propos-de-nous\/","title":{"rendered":"A propos de nous"},"content":{"rendered":"<div class=\"wpb-content-wrapper\"><p>[vc_row][vc_column][vc_empty_space][\/vc_column][\/vc_row][vc_row][vc_column width=\u00a0\u00bb1\/2&Prime;][vc_column_text]<strong>Matic Plast Milano est une soci\u00e9t\u00e9 leader dans la production de packaging dans le secteur de la parfumerie et de la cosm\u00e9tique de luxe<\/strong>.<\/p>\n<p>&nbsp;<\/p>\n<p><strong>C\u2019est pour nous un honneur et un privil\u00e8ge qu\u2019un grand nombre d\u2019entreprises, repr\u00e9sentant certaines des marques les plus connues et les plus importantes au monde dans le secteur de la cosm\u00e9tique<\/strong>, fassent appel \u00e0 nos services, et notamment \u00e0 notre expertise en mati\u00e8re de d\u00e9veloppement de solutions innovantes et de tr\u00e8s haut niveau, ainsi qu\u2019\u00e0 la qualit\u00e9 de notre accompagnement, en vue de nouer un partenariat sur un tr\u00e8s long terme.<\/p>\n<p>&nbsp;<\/p>\n<p>Nous sommes une <strong>entreprise totalement int\u00e9gr\u00e9e<\/strong>, dot\u00e9e de processus de pointe dans le domaine du moulage, de la construction et de l&rsquo;entretien des moules, de la finition de surface, de la d\u00e9coration et de l&rsquo;assemblage, et nous investissons une part tr\u00e8s importante de nos revenus dans la technologie et la recherche.[\/vc_column_text][\/vc_column][vc_column width=\u00a0\u00bb1\/2&Prime;][vc_column_text]Notre c\u0153ur de m\u00e9tier, c\u2019est le sur-mesure, l\u2019\u00e9laboration de <strong>solutions propres \u00e0 chacun de nos clients en fonction de leurs besoins sp\u00e9cifiques<\/strong>.<\/p>\n<p>&nbsp;<\/p>\n<p>Nous disposons toutefois d&rsquo;un vaste catalogue standard pour les clients qui souhaitent opter pour des solutions d\u00e9j\u00e0 pr\u00eates \u00e0 l&#8217;emploi, configurables et personnalis\u00e9es.<\/p>\n<p>&nbsp;<\/p>\n<p>Toutes nos unit\u00e9s de production sont situ\u00e9es en <strong>Italie<\/strong>, d&rsquo;o\u00f9 nous servons nos clients dans le monde entier.[\/vc_column_text][\/vc_column][\/vc_row][vc_row][vc_column][vc_empty_space height=\u00a0\u00bb64px\u00a0\u00bb][\/vc_column][\/vc_row]<\/p>\n<\/div>","protected":false},"excerpt":{"rendered":"<p>[vc_row][vc_column][vc_empty_space][\/vc_column][\/vc_row][vc_row][vc_column width=\u00a0\u00bb1\/2&Prime;][vc_column_text]Matic Plast Milano est une soci\u00e9t\u00e9 leader dans la production de packaging dans le secteur de la parfumerie et de la cosm\u00e9tique de luxe. &nbsp; C\u2019est pour nous un honneur et un privil\u00e8ge qu\u2019un grand nombre d\u2019entreprises, repr\u00e9sentant certaines des marques les plus connues&#8230;<\/p>\n","protected":false},"author":1,"featured_media":0,"parent":0,"menu_order":0,"comment_status":"closed","ping_status":"closed","template":"","meta":{"footnotes":""},"class_list":["post-989","page","type-page","status-publish","hentry"],"_links":{"self":[{"href":"https:\/\/maticplast.com\/fr\/wp-json\/wp\/v2\/pages\/989","targetHints":{"allow":["GET"]}}],"collection":[{"href":"https:\/\/maticplast.com\/fr\/wp-json\/wp\/v2\/pages"}],"about":[{"href":"https:\/\/maticplast.com\/fr\/wp-json\/wp\/v2\/types\/page"}],"author":[{"embeddable":true,"href":"https:\/\/maticplast.com\/fr\/wp-json\/wp\/v2\/users\/1"}],"replies":[{"embeddable":true,"href":"https:\/\/maticplast.com\/fr\/wp-json\/wp\/v2\/comments?post=989"}],"version-history":[{"count":0,"href":"https:\/\/maticplast.com\/fr\/wp-json\/wp\/v2\/pages\/989\/revisions"}],"wp:attachment":[{"href":"https:\/\/maticplast.com\/fr\/wp-json\/wp\/v2\/media?parent=989"}],"curies":[{"name":"wp","href":"https:\/\/api.w.org\/{rel}","templated":true}]}}