{"id":993,"date":"2020-05-12T11:03:09","date_gmt":"2020-05-12T09:03:09","guid":{"rendered":"https:\/\/matichello.eyecommunication.it\/home\/"},"modified":"2022-11-30T18:25:03","modified_gmt":"2022-11-30T17:25:03","slug":"home","status":"publish","type":"page","link":"https:\/\/maticplast.com\/fr\/","title":{"rendered":"Home"},"content":{"rendered":"<div class=\"wpb-content-wrapper\"><p>[vc_row row_type=\u00a0\u00bbrow\u00a0\u00bb use_row_as_full_screen_section=\u00a0\u00bbno\u00a0\u00bb type=\u00a0\u00bbfull_width\u00a0\u00bb text_align=\u00a0\u00bbleft\u00a0\u00bb background_animation=\u00a0\u00bbnone\u00a0\u00bb][vc_column offset=\u00a0\u00bbvc_hidden-xs\u00a0\u00bb]\n\t\t\t\t<p class=\"rs-p-wp-fix\"><\/p>\n\t\t\t\t<sr7-module data-alias=\"slider-home\" data-id=\"13\" id=\"SR7_13_1\" class=\"rs-ov-hidden\" data-version=\"6.7.51\">\n\t\t\t\t\t<sr7-adjuster><\/sr7-adjuster>\n\t\t\t\t\t<sr7-content>\n\t\t\t\t\t\t<sr7-slide id=\"SR7_13_1-21\" data-key=\"21\">\n\t\t\t\t\t\t\t<sr7-txt id=\"SR7_13_1-21-1\" class=\"sr7-layer\"><strong><span style=\"color: #009d3d;\">Matic Plast Milano<\/span><\/strong> - <i>Italia<\/i><br \/>\nPRODUCTION FACILITIES<br \/>\nVia dei Mille, 5 - 20061 Carugate (MI) ITALY<br \/>\ntel. (+39) 02 2831 1341<br \/>\ne-mail: <a href=\"mailto:info@maticplast.it\">info@maticplast.it<\/a><\/sr7-txt>\n\t\t\t\t\t\t\t<sr7-txt id=\"SR7_13_1-21-3\" class=\"sr7-layer\">Emballage Premium pour la Parfumerie et la Cosm\u00e9tique<\/sr7-txt>\n\t\t\t\t\t\t\t<sr7-txt id=\"SR7_13_1-21-16\" class=\"sr7-layer\"><strong><span style=\"color: #009d3d;\">Matic Plast Milano<\/span><\/strong> - <i>U.S.A.<\/i><br \/>\nENGINEERING<br \/>\n51 Brush Drive, East Stroudsburg, PA 18302 U.S.A.<br \/>\ntel. (001) 570 476 0447<br \/>\ne-mail: <a href=\"mailto:infousa@maticplast.it\">infousa@maticplast.it<\/a><\/sr7-txt>\n\t\t\t\t\t\t\t<sr7-txt id=\"SR7_13_1-21-31\" class=\"sr7-layer\">01<\/sr7-txt>\n\t\t\t\t\t\t\t<sr7-txt id=\"SR7_13_1-21-32\" class=\"sr7-layer\">04<\/sr7-txt>\n\t\t\t\t\t\t\t<sr7-txt id=\"SR7_13_1-21-39\" class=\"sr7-layer\"><strong><span style=\"color: #009d3d;\">Matic Plast Milano<\/span> <\/strong>- <i>Italia<\/i><br \/>\nHEADQUARTER<br \/>\nVia Giuseppe Garibaldi 62 - 20061 Carugate (MI) ITALY<br \/>\ntel. (+39) 02 2831 1325<br \/>\ne-mail: <a href=\"mailto:info@maticplast.it\">info@maticplast.it<\/a><\/sr7-txt>\n\t\t\t\t\t\t\t<sr7-txt id=\"SR7_13_1-21-56\" class=\"sr7-layer\">back<\/sr7-txt>\n\t\t\t\t\t\t\t<sr7-txt id=\"SR7_13_1-21-57\" class=\"sr7-layer\">next<\/sr7-txt>\n\t\t\t\t\t\t<\/sr7-slide>\n\t\t\t\t\t\t<sr7-slide id=\"SR7_13_1-32\" data-key=\"32\">\n\t\t\t\t\t\t\t<sr7-txt id=\"SR7_13_1-32-0\" class=\"sr7-layer\">certifications<\/sr7-txt>\n\t\t\t\t\t\t\t<sr7-txt id=\"SR7_13_1-32-31\" class=\"sr7-layer\">02<\/sr7-txt>\n\t\t\t\t\t\t\t<sr7-txt id=\"SR7_13_1-32-32\" class=\"sr7-layer\">04<\/sr7-txt>\n\t\t\t\t\t\t<\/sr7-slide>\n\t\t\t\t\t\t<sr7-slide id=\"SR7_13_1-25\" data-key=\"25\">\n\t\t\t\t\t\t\t<sr7-bg id=\"SR7_13_1-25-34\" class=\"sr7-layer\"><noscript><img decoding=\"async\" src=\"https:\/\/maticplast.com\/wp-content\/uploads\/2022\/11\/slide-3-bg.webp\" alt=\"\" title=\"slide-3-bg\"><\/noscript><\/sr7-bg>\n\t\t\t\t\t\t\t<sr7-txt id=\"SR7_13_1-25-0\" class=\"sr7-layer\">sustainability<\/sr7-txt>\n\t\t\t\t\t\t\t<sr7-txt id=\"SR7_13_1-25-5\" class=\"sr7-layer\">\"Ch\u00e8re partie prenante, Nous avons le plaisir de vous informer que le rapport de d\u00e9veloppement durable 2024 et la lettre aux parties prenantes sont disponibles sur demande en envoyant un e-mail \u00e0 <a style=\"color: #ffffff; font-weight: 700;\" href=\"mailto:info@maticplast.it\">info@maticplast.it<\/a>\"<\/sr7-txt>\n\t\t\t\t\t\t\t<sr7-txt id=\"SR7_13_1-25-31\" class=\"sr7-layer\">03<\/sr7-txt>\n\t\t\t\t\t\t\t<sr7-txt id=\"SR7_13_1-25-32\" class=\"sr7-layer\">04<\/sr7-txt>\n\t\t\t\t\t\t<\/sr7-slide>\n\t\t\t\t\t\t<sr7-slide id=\"SR7_13_1-35\" data-key=\"35\">\n\t\t\t\t\t\t\t<sr7-txt id=\"SR7_13_1-35-5\" class=\"sr7-layer\"><strong>En 2023, nous avons adh\u00e9r\u00e9 \u00e0 l'initiative UN Global Compact.<br \/>\n<\/strong><br \/>\nPar cons\u00e9quent, nous nous engageons \u00e0 respecter et \u00e0 promouvoir, dans le cadre de notre activit\u00e9, les dix principes relatifs aux droits de l'homme, aux normes de travail, \u00e0 la protection de l'environnement et \u00e0 la lutte contre la corruption.<\/sr7-txt>\n\t\t\t\t\t\t\t<sr7-txt id=\"SR7_13_1-35-31\" class=\"sr7-layer\">04<\/sr7-txt>\n\t\t\t\t\t\t\t<sr7-txt id=\"SR7_13_1-35-32\" class=\"sr7-layer\">04<\/sr7-txt>\n\t\t\t\t\t\t<\/sr7-slide>\n\t\t\t\t\t\t<sr7-slide id=\"SR7_13_1-51\" data-key=\"51\">\n\t\t\t\t\t\t\t<sr7-txt id=\"SR7_13_1-51-27\" class=\"sr7-layer\">scroll<\/sr7-txt>\n\t\t\t\t\t\t<\/sr7-slide>\n\t\t\t\t\t<\/sr7-content>\n\t\t\t\t\t<image_lists style=\"display:none\">\n\t\t\t\t\t\t<img data-src=\"\/\/maticplast.com\/wp-content\/uploads\/2023\/11\/IQNET.png\" data-libid=\"1550\" data-lib=\"medialibrary\" alt=\"Matic Plast\" title=\"IQNET\" width=\"0\" height=\"0\" data-dbsrc=\"Ly9tYXRpY3BsYXN0LmNvbS93cC1jb250ZW50L3VwbG9hZHMvMjAyMy8xMS9JUU5FVC5wbmc=\"\/>\n\t\t\t\t\t\t<img data-src=\"\/\/maticplast.com\/wp-content\/uploads\/2022\/11\/ISCC-1.png\" data-libid=\"1124\" data-lib=\"medialibrary\" alt=\"Matic Plast Milano\" title=\"ISCC\" width=\"0\" height=\"0\" data-dbsrc=\"Ly9tYXRpY3BsYXN0LmNvbS93cC1jb250ZW50L3VwbG9hZHMvMjAyMi8xMS9JU0NDLTEucG5n\"\/>\n\t\t\t\t\t\t<img data-src=\"\/\/maticplast.com\/wp-content\/uploads\/2024\/09\/iso-14064-1.png\" data-libid=\"1571\" data-lib=\"medialibrary\" alt=\"Matic Plast\" title=\"iso-14064\" width=\"0\" height=\"0\" data-dbsrc=\"Ly9tYXRpY3BsYXN0LmNvbS93cC1jb250ZW50L3VwbG9hZHMvMjAyNC8wOS9pc28tMTQwNjQtMS5wbmc=\"\/>\n\t\t\t\t\t\t<img data-src=\"\/\/maticplast.com\/wp-content\/uploads\/2023\/02\/9001-1.png\" data-libid=\"1514\" data-lib=\"medialibrary\" title=\"9001\" width=\"0\" height=\"0\" data-dbsrc=\"Ly9tYXRpY3BsYXN0LmNvbS93cC1jb250ZW50L3VwbG9hZHMvMjAyMy8wMi85MDAxLTEucG5n\"\/>\n\t\t\t\t\t\t<img data-src=\"\/\/maticplast.com\/wp-content\/uploads\/2023\/02\/14001.png\" data-libid=\"1517\" data-lib=\"medialibrary\" title=\"14001\" width=\"0\" height=\"0\" data-dbsrc=\"Ly9tYXRpY3BsYXN0LmNvbS93cC1jb250ZW50L3VwbG9hZHMvMjAyMy8wMi8xNDAwMS5wbmc=\"\/>\n\t\t\t\t\t\t<img data-src=\"\/\/maticplast.com\/wp-content\/uploads\/2023\/02\/45001.png\" data-libid=\"1520\" data-lib=\"medialibrary\" title=\"45001\" width=\"0\" height=\"0\" data-dbsrc=\"Ly9tYXRpY3BsYXN0LmNvbS93cC1jb250ZW50L3VwbG9hZHMvMjAyMy8wMi80NTAwMS5wbmc=\"\/>\n\t\t\t\t\t\t<img data-src=\"\/\/maticplast.com\/wp-content\/uploads\/2023\/02\/50001-3.png\" data-libid=\"1537\" data-lib=\"medialibrary\" title=\"50001\" width=\"0\" height=\"0\" data-dbsrc=\"Ly9tYXRpY3BsYXN0LmNvbS93cC1jb250ZW50L3VwbG9hZHMvMjAyMy8wMi81MDAwMS0zLnBuZw==\"\/>\n\t\t\t\t\t\t<img data-src=\"\/\/maticplast.com\/wp-content\/uploads\/2024\/09\/ESG.png\" data-libid=\"1589\" data-lib=\"medialibrary\" title=\"ESG\" width=\"0\" height=\"0\" data-dbsrc=\"Ly9tYXRpY3BsYXN0LmNvbS93cC1jb250ZW50L3VwbG9hZHMvMjAyNC8wOS9FU0cucG5n\"\/>\n\t\t\t\t\t\t<img data-src=\"\/\/maticplast.com\/wp-content\/uploads\/2026\/02\/logo_ecovadis_2026.png\" data-libid=\"1730\" data-lib=\"medialibrary\" alt=\"Ecovadis 2026 Matic Plast\" title=\"logo_ecovadis_2026\" width=\"0\" height=\"0\" data-dbsrc=\"Ly9tYXRpY3BsYXN0LmNvbS93cC1jb250ZW50L3VwbG9hZHMvMjAyNi8wMi9sb2dvX2Vjb3ZhZGlzXzIwMjYucG5n\"\/>\n\t\t\t\t\t\t<img data-src=\"\/\/maticplast.com\/wp-content\/uploads\/2022\/11\/slide-3-bg.webp\" data-libid=\"1400\" data-lib=\"medialibrary\" title=\"slide-3-bg\" width=\"0\" height=\"0\" data-dbsrc=\"Ly9tYXRpY3BsYXN0LmNvbS93cC1jb250ZW50L3VwbG9hZHMvMjAyMi8xMS9zbGlkZS0zLWJnLndlYnA=\"\/>\n\t\t\t\t\t\t<img data-src=\"\/\/maticplast.com\/wp-content\/uploads\/2023\/12\/UNGC.png\" data-libid=\"1557\" data-lib=\"medialibrary\" alt=\"UN Global Impact Matic Plast\" title=\"UNGC\" width=\"0\" height=\"0\" data-dbsrc=\"Ly9tYXRpY3BsYXN0LmNvbS93cC1jb250ZW50L3VwbG9hZHMvMjAyMy8xMi9VTkdDLnBuZw==\"\/>\n\t\t\t\t\t<\/image_lists>\n\t\t\t\t<\/sr7-module>\n\t\t\t\t<script>\n\t\t\t\t\twindow.SR7 ??={};SR7.PMH ??={}; SR7.PMH[\"SR7_13_1\"] = {cn:100,state:false,fn: function() { if (window._tpt!==undefined && window._tpt.prepareModuleHeight !== undefined) {  _tpt.prepareModuleHeight({id:\"SR7_13_1\",el:[900,900,768,960,720],type:'standard',shdw:'0',gh:[900,900,768,960,720],gw:[1240,1240,1024,778,480],vpt:['-200px&#039;,&#039;-200px&#039;,&#039;-200px&#039;,&#039;-200px&#039;,&#039;-200px'],size:{fullWidth:true, fullHeight:true},fho:'',mh:'0',onh:0,onw:0,bg:{color:'{\"type\":\"solid\",\"orig\":\"#ffffff\",\"string\":\"rgba(255, 255, 255, 1)\"}'}});   SR7.PMH[\"SR7_13_1\"].state=true;} else if(SR7.PMH[\"SR7_13_1\"].cn-->0)\tsetTimeout( SR7.PMH[\"SR7_13_1\"].fn,19);}};SR7.PMH[\"SR7_13_1\" ].fn();\n\t\t\t\t<\/script>\n[\/vc_column][\/vc_row][vc_row row_type=\u00a0\u00bbrow\u00a0\u00bb use_row_as_full_screen_section=\u00a0\u00bbno\u00a0\u00bb type=\u00a0\u00bbfull_width\u00a0\u00bb text_align=\u00a0\u00bbleft\u00a0\u00bb background_animation=\u00a0\u00bbnone\u00a0\u00bb][vc_column offset=\u00a0\u00bbvc_hidden-lg vc_hidden-md vc_hidden-sm\u00a0\u00bb]\n\t\t\t\t<p class=\"rs-p-wp-fix\"><\/p>\n\t\t\t\t<sr7-module data-alias=\"slider-home-11\" data-id=\"31\" id=\"SR7_31_2\" class=\"rs-ov-hidden\" data-version=\"6.7.51\">\n\t\t\t\t\t<sr7-adjuster><\/sr7-adjuster>\n\t\t\t\t\t<sr7-content>\n\t\t\t\t\t\t<sr7-slide id=\"SR7_31_2-23\" data-key=\"23\">\n\t\t\t\t\t\t\t<sr7-txt id=\"SR7_31_2-23-1\" class=\"sr7-layer\"><strong><span style=\"color: #009d3d;\">Matic Plast Milano<\/span><\/strong> - <i>Italia<\/i><br \/>\n<b>PRODUCTION FACILITIES<\/b><br \/>\nVia dei Mille, 5<br \/>\n20061 Carugate (MI) ITALY<br \/>\ntel. (+39) 02 2831 1341<br \/>\ne-mail: <a href=\"mailto:info@maticplast.it\">info@maticplast.it<\/a><\/sr7-txt>\n\t\t\t\t\t\t\t<sr7-txt id=\"SR7_31_2-23-2\" class=\"sr7-layer\">Emballage Premium pour la Parfumerie et la Cosm\u00e9tique<\/sr7-txt>\n\t\t\t\t\t\t\t<sr7-txt id=\"SR7_31_2-23-16\" class=\"sr7-layer\"><strong><span style=\"color: #009d3d;\">Matic Plast Milano<\/span><\/strong> - <i>U.S.A.<\/i><br \/>\n<b>ENGINEERING<\/b><br \/>\n51 Brush Drive, East Stroudsburg, PA 18302 U.S.A.<br \/>\ntel. (001) 570 476 0447<br \/>\ne-mail: <a href=\"mailto:infousa@maticplast.it\">infousa@maticplast.it<\/a><\/sr7-txt>\n\t\t\t\t\t\t\t<sr7-txt id=\"SR7_31_2-23-31\" class=\"sr7-layer\">01<\/sr7-txt>\n\t\t\t\t\t\t\t<sr7-txt id=\"SR7_31_2-23-32\" class=\"sr7-layer\">04<\/sr7-txt>\n\t\t\t\t\t\t\t<sr7-txt id=\"SR7_31_2-23-39\" class=\"sr7-layer\"><strong><span style=\"color: #009d3d;\">Matic Plast Milano<\/span> <\/strong>- <i>Italia<\/i><br \/>\n<b>HEADQUARTER<\/b><br \/>\nVia G. Garibaldi 62<br \/>\n 20061 Carugate (MI) ITALY<br \/>\ntel. (+39) 02 2831 1325<br \/>\ne-mail: <a href=\"mailto:info@maticplast.it\">info@maticplast.it<\/a><\/sr7-txt>\n\t\t\t\t\t\t\t<sr7-txt id=\"SR7_31_2-23-56\" class=\"sr7-layer\">back<\/sr7-txt>\n\t\t\t\t\t\t\t<sr7-txt id=\"SR7_31_2-23-57\" class=\"sr7-layer\">next<\/sr7-txt>\n\t\t\t\t\t\t<\/sr7-slide>\n\t\t\t\t\t\t<sr7-slide id=\"SR7_31_2-18\" data-key=\"18\">\n\t\t\t\t\t\t\t<sr7-txt id=\"SR7_31_2-18-0\" class=\"sr7-layer\">certifications<\/sr7-txt>\n\t\t\t\t\t\t\t<sr7-txt id=\"SR7_31_2-18-31\" class=\"sr7-layer\">02<\/sr7-txt>\n\t\t\t\t\t\t\t<sr7-txt id=\"SR7_31_2-18-32\" class=\"sr7-layer\">04<\/sr7-txt>\n\t\t\t\t\t\t<\/sr7-slide>\n\t\t\t\t\t\t<sr7-slide id=\"SR7_31_2-19\" data-key=\"19\">\n\t\t\t\t\t\t\t<sr7-bg id=\"SR7_31_2-19-34\" class=\"sr7-layer\"><noscript><img decoding=\"async\" src=\"https:\/\/maticplast.com\/wp-content\/uploads\/2022\/11\/slide-3-bg.webp\" alt=\"\" title=\"slide-3-bg\"><\/noscript><\/sr7-bg>\n\t\t\t\t\t\t\t<sr7-txt id=\"SR7_31_2-19-0\" class=\"sr7-layer\">sustainability<\/sr7-txt>\n\t\t\t\t\t\t\t<sr7-txt id=\"SR7_31_2-19-5\" class=\"sr7-layer\">\"Ch\u00e8re partie prenante, Nous avons le plaisir de vous informer que le rapport de d\u00e9veloppement durable 2022 et la lettre aux parties prenantes sont disponibles sur demande en envoyant un e-mail \u00e0 <a style=\"color: #ffffff; font-weight: 700;\" href=\"mailto:info@maticplast.it\">info@maticplast.it<\/a>\"<\/sr7-txt>\n\t\t\t\t\t\t\t<sr7-txt id=\"SR7_31_2-19-31\" class=\"sr7-layer\">03<\/sr7-txt>\n\t\t\t\t\t\t\t<sr7-txt id=\"SR7_31_2-19-32\" class=\"sr7-layer\">04<\/sr7-txt>\n\t\t\t\t\t\t<\/sr7-slide>\n\t\t\t\t\t\t<sr7-slide id=\"SR7_31_2-37\" data-key=\"37\">\n\t\t\t\t\t\t\t<sr7-txt id=\"SR7_31_2-37-0\" class=\"sr7-layer\"><\/sr7-txt>\n\t\t\t\t\t\t\t<sr7-txt id=\"SR7_31_2-37-5\" class=\"sr7-layer\"><strong>En 2023, nous avons adh\u00e9r\u00e9 \u00e0 l'initiative UN Global Compact.<br \/>\n<\/strong><br \/>\n Par cons\u00e9quent, nous nous engageons \u00e0 respecter et promouvoir, dans le cadre de notre activit\u00e9, les dix principes relatifs aux droits de l'homme, aux normes de travail, \u00e0 la protection de l'environnement et \u00e0 la lutte contre la corruption.<\/sr7-txt>\n\t\t\t\t\t\t\t<sr7-txt id=\"SR7_31_2-37-31\" class=\"sr7-layer\">04<\/sr7-txt>\n\t\t\t\t\t\t\t<sr7-txt id=\"SR7_31_2-37-32\" class=\"sr7-layer\">04<\/sr7-txt>\n\t\t\t\t\t\t<\/sr7-slide>\n\t\t\t\t\t\t<sr7-slide id=\"SR7_31_2-53\" data-key=\"53\">\n\t\t\t\t\t\t\t<sr7-txt id=\"SR7_31_2-53-27\" class=\"sr7-layer\">scroll<\/sr7-txt>\n\t\t\t\t\t\t<\/sr7-slide>\n\t\t\t\t\t<\/sr7-content>\n\t\t\t\t\t<image_lists style=\"display:none\">\n\t\t\t\t\t\t<img data-src=\"\/\/maticplast.com\/wp-content\/uploads\/2023\/02\/9001-1.png\" data-libid=\"1514\" data-lib=\"medialibrary\" title=\"9001\" width=\"0\" height=\"0\" data-dbsrc=\"Ly9tYXRpY3BsYXN0LmNvbS93cC1jb250ZW50L3VwbG9hZHMvMjAyMy8wMi85MDAxLTEucG5n\"\/>\n\t\t\t\t\t\t<img data-src=\"\/\/maticplast.com\/wp-content\/uploads\/2022\/11\/ISCC-1.png\" data-libid=\"1124\" data-lib=\"medialibrary\" alt=\"Matic Plast Milano\" title=\"ISCC\" width=\"0\" height=\"0\" data-dbsrc=\"Ly9tYXRpY3BsYXN0LmNvbS93cC1jb250ZW50L3VwbG9hZHMvMjAyMi8xMS9JU0NDLTEucG5n\"\/>\n\t\t\t\t\t\t<img data-src=\"\/\/maticplast.com\/wp-content\/uploads\/2024\/09\/ESG.png\" data-libid=\"1589\" data-lib=\"medialibrary\" title=\"ESG\" width=\"0\" height=\"0\" data-dbsrc=\"Ly9tYXRpY3BsYXN0LmNvbS93cC1jb250ZW50L3VwbG9hZHMvMjAyNC8wOS9FU0cucG5n\"\/>\n\t\t\t\t\t\t<img data-src=\"\/\/maticplast.com\/wp-content\/uploads\/2023\/11\/IQNET.png\" data-libid=\"1550\" data-lib=\"medialibrary\" alt=\"Matic Plast\" title=\"IQNET\" width=\"0\" height=\"0\" data-dbsrc=\"Ly9tYXRpY3BsYXN0LmNvbS93cC1jb250ZW50L3VwbG9hZHMvMjAyMy8xMS9JUU5FVC5wbmc=\"\/>\n\t\t\t\t\t\t<img data-src=\"\/\/maticplast.com\/wp-content\/uploads\/2023\/02\/14001.png\" data-libid=\"1517\" data-lib=\"medialibrary\" title=\"14001\" width=\"0\" height=\"0\" data-dbsrc=\"Ly9tYXRpY3BsYXN0LmNvbS93cC1jb250ZW50L3VwbG9hZHMvMjAyMy8wMi8xNDAwMS5wbmc=\"\/>\n\t\t\t\t\t\t<img data-src=\"\/\/maticplast.com\/wp-content\/uploads\/2023\/02\/45001.png\" data-libid=\"1520\" data-lib=\"medialibrary\" title=\"45001\" width=\"0\" height=\"0\" data-dbsrc=\"Ly9tYXRpY3BsYXN0LmNvbS93cC1jb250ZW50L3VwbG9hZHMvMjAyMy8wMi80NTAwMS5wbmc=\"\/>\n\t\t\t\t\t\t<img data-src=\"\/\/maticplast.com\/wp-content\/uploads\/2023\/02\/50001-3.png\" data-libid=\"1537\" data-lib=\"medialibrary\" title=\"50001\" width=\"0\" height=\"0\" data-dbsrc=\"Ly9tYXRpY3BsYXN0LmNvbS93cC1jb250ZW50L3VwbG9hZHMvMjAyMy8wMi81MDAwMS0zLnBuZw==\"\/>\n\t\t\t\t\t\t<img data-src=\"\/\/maticplast.com\/wp-content\/uploads\/2024\/01\/ecovadis-platino-2024.png\" data-libid=\"1561\" data-lib=\"medialibrary\" alt=\"Ecovadis 2024 Matic Plast\" title=\"ecovadis-platino-2024\" width=\"0\" height=\"0\" data-dbsrc=\"Ly9tYXRpY3BsYXN0LmNvbS93cC1jb250ZW50L3VwbG9hZHMvMjAyNC8wMS9lY292YWRpcy1wbGF0aW5vLTIwMjQucG5n\"\/>\n\t\t\t\t\t\t<img data-src=\"\/\/maticplast.com\/wp-content\/uploads\/2024\/09\/iso-14064-1.png\" data-libid=\"1571\" data-lib=\"medialibrary\" alt=\"Matic Plast\" title=\"iso-14064\" width=\"0\" height=\"0\" data-dbsrc=\"Ly9tYXRpY3BsYXN0LmNvbS93cC1jb250ZW50L3VwbG9hZHMvMjAyNC8wOS9pc28tMTQwNjQtMS5wbmc=\"\/>\n\t\t\t\t\t\t<img data-src=\"\/\/maticplast.com\/wp-content\/uploads\/2023\/12\/UNGC.png\" data-libid=\"1557\" data-lib=\"medialibrary\" alt=\"UN Global Impact Matic Plast\" title=\"UNGC\" width=\"0\" height=\"0\" data-dbsrc=\"Ly9tYXRpY3BsYXN0LmNvbS93cC1jb250ZW50L3VwbG9hZHMvMjAyMy8xMi9VTkdDLnBuZw==\"\/>\n\t\t\t\t\t\t<img data-src=\"\/\/maticplast.com\/wp-content\/uploads\/2022\/11\/9001.png\" data-libid=\"1125\" data-lib=\"medialibrary\" alt=\"Matic Plast Milano\" title=\"9001\" width=\"0\" height=\"0\" data-dbsrc=\"Ly9tYXRpY3BsYXN0LmNvbS93cC1jb250ZW50L3VwbG9hZHMvMjAyMi8xMS85MDAxLnBuZw==\"\/>\n\t\t\t\t\t\t<img data-src=\"\/\/maticplast.com\/wp-content\/uploads\/2022\/11\/14001.png\" data-libid=\"1128\" data-lib=\"medialibrary\" alt=\"Matic Plast Milano\" title=\"14001\" width=\"0\" height=\"0\" data-dbsrc=\"Ly9tYXRpY3BsYXN0LmNvbS93cC1jb250ZW50L3VwbG9hZHMvMjAyMi8xMS8xNDAwMS5wbmc=\"\/>\n\t\t\t\t\t\t<img data-src=\"\/\/maticplast.com\/wp-content\/uploads\/2022\/11\/45001.png\" data-libid=\"1131\" data-lib=\"medialibrary\" alt=\"Matic Plast Milano\" title=\"45001\" width=\"0\" height=\"0\" data-dbsrc=\"Ly9tYXRpY3BsYXN0LmNvbS93cC1jb250ZW50L3VwbG9hZHMvMjAyMi8xMS80NTAwMS5wbmc=\"\/>\n\t\t\t\t\t\t<img data-src=\"\/\/maticplast.com\/wp-content\/uploads\/2022\/11\/50001.png\" data-libid=\"1134\" data-lib=\"medialibrary\" title=\"50001\" width=\"0\" height=\"0\" data-dbsrc=\"Ly9tYXRpY3BsYXN0LmNvbS93cC1jb250ZW50L3VwbG9hZHMvMjAyMi8xMS81MDAwMS5wbmc=\"\/>\n\t\t\t\t\t\t<img data-src=\"\/\/maticplast.com\/wp-content\/uploads\/2022\/11\/slide-3-bg.webp\" data-libid=\"1400\" data-lib=\"medialibrary\" title=\"slide-3-bg\" width=\"0\" height=\"0\" data-dbsrc=\"Ly9tYXRpY3BsYXN0LmNvbS93cC1jb250ZW50L3VwbG9hZHMvMjAyMi8xMS9zbGlkZS0zLWJnLndlYnA=\"\/>\n\t\t\t\t\t<\/image_lists>\n\t\t\t\t<\/sr7-module>\n\t\t\t\t<script>\n\t\t\t\t\twindow.SR7 ??={};SR7.PMH ??={}; SR7.PMH[\"SR7_31_2\"] = {cn:100,state:false,fn: function() { if (window._tpt!==undefined && window._tpt.prepareModuleHeight !== undefined) {  _tpt.prepareModuleHeight({id:\"SR7_31_2\",el:[900,900,768,960,720],type:'standard',shdw:'0',gh:[900,900,768,960,720],gw:[1240,1240,1024,778,480],vpt:['-200px&#039;,&#039;-200px&#039;,&#039;-200px&#039;,&#039;-200px&#039;,&#039;-200px'],size:{fullWidth:true, fullHeight:true},fho:'',mh:'0',onh:0,onw:0,bg:{color:'{\"type\":\"solid\",\"orig\":\"#ffffff\",\"string\":\"rgba(255, 255, 255, 1)\"}'}});   SR7.PMH[\"SR7_31_2\"].state=true;} else if(SR7.PMH[\"SR7_31_2\"].cn-->0)\tsetTimeout( SR7.PMH[\"SR7_31_2\"].fn,19);}};SR7.PMH[\"SR7_31_2\" ].fn();\n\t\t\t\t<\/script>\n[\/vc_column][\/vc_row]<\/p>\n<\/div>","protected":false},"excerpt":{"rendered":"<p>[vc_row row_type=\u00a0\u00bbrow\u00a0\u00bb use_row_as_full_screen_section=\u00a0\u00bbno\u00a0\u00bb type=\u00a0\u00bbfull_width\u00a0\u00bb text_align=\u00a0\u00bbleft\u00a0\u00bb background_animation=\u00a0\u00bbnone\u00a0\u00bb][vc_column offset=\u00a0\u00bbvc_hidden-xs\u00a0\u00bb][\/vc_column][\/vc_row][vc_row row_type=\u00a0\u00bbrow\u00a0\u00bb use_row_as_full_screen_section=\u00a0\u00bbno\u00a0\u00bb type=\u00a0\u00bbfull_width\u00a0\u00bb text_align=\u00a0\u00bbleft\u00a0\u00bb background_animation=\u00a0\u00bbnone\u00a0\u00bb][vc_column offset=\u00a0\u00bbvc_hidden-lg vc_hidden-md vc_hidden-sm\u00a0\u00bb][\/vc_column][\/vc_row]<\/p>\n","protected":false},"author":1,"featured_media":982,"parent":0,"menu_order":0,"comment_status":"closed","ping_status":"closed","template":"full_width.php","meta":{"footnotes":""},"class_list":["post-993","page","type-page","status-publish","has-post-thumbnail","hentry"],"_links":{"self":[{"href":"https:\/\/maticplast.com\/fr\/wp-json\/wp\/v2\/pages\/993","targetHints":{"allow":["GET"]}}],"collection":[{"href":"https:\/\/maticplast.com\/fr\/wp-json\/wp\/v2\/pages"}],"about":[{"href":"https:\/\/maticplast.com\/fr\/wp-json\/wp\/v2\/types\/page"}],"author":[{"embeddable":true,"href":"https:\/\/maticplast.com\/fr\/wp-json\/wp\/v2\/users\/1"}],"replies":[{"embeddable":true,"href":"https:\/\/maticplast.com\/fr\/wp-json\/wp\/v2\/comments?post=993"}],"version-history":[{"count":0,"href":"https:\/\/maticplast.com\/fr\/wp-json\/wp\/v2\/pages\/993\/revisions"}],"wp:featuredmedia":[{"embeddable":true,"href":"https:\/\/maticplast.com\/fr\/wp-json\/wp\/v2\/media\/982"}],"wp:attachment":[{"href":"https:\/\/maticplast.com\/fr\/wp-json\/wp\/v2\/media?parent=993"}],"curies":[{"name":"wp","href":"https:\/\/api.w.org\/{rel}","templated":true}]}}